{"id":699,"date":"2013-07-24T14:08:33","date_gmt":"2013-07-24T12:08:33","guid":{"rendered":"http:\/\/www.ramses.de\/?page_id=699"},"modified":"2025-11-17T20:39:37","modified_gmt":"2025-11-17T18:39:37","slug":"powerpoint-schulungen","status":"publish","type":"page","link":"https:\/\/www.ramses.de\/?page_id=699","title":{"rendered":"Powerpoint Schulungen"},"content":{"rendered":"\n<div class=\"gbp-section gb-element-8e1233e5\">\n<div class=\"gbp-section__inner gb-element-0d7bc479\">\n<div>\n<h1 class=\"gb-text gbp-section__headline gb-text-b54c195b\">Microsoft Powerpoint<\/h1>\n\n\n\n<p class=\"gb-text gbp-section__text\">Lernen Sie das Erstellen toller Pr\u00e4sentationen mit dem Marktf\u00fchrer. Ob Vortr\u00e4ge, interaktive Pr\u00e4sentationen oder multimediale Demonstationen. Mit Powerpoint gelingt Ihnen diese Arbeit spielend.<\/p>\n<\/div>\n<\/div>\n<\/div>\n\n\n\n<div class=\"gbp-section gb-element-12cb708e\">\n<div class=\"gbp-section__inner gb-element-406fe045\">\n<div class=\"gb-element-ed13520e\">\n<h2 class=\"gb-text gbp-section__headline\">Erschaffen Sie bezaubernde Pr\u00e4sentationen<\/h2>\n\n\n\n<p class=\"gb-text gbp-section__text\">Wir bieten Ihnen Grund- und Aufbauseminare zum Thema<\/p>\n\n\n\n<ul class=\"gb-element-0591f8a6\">\n<li class=\"gb-text-66734028\"><span class=\"gb-shape\"><svg aria-hidden=\"true\" role=\"img\" height=\"1em\" width=\"1em\" viewBox=\"0 0 512 512\" xmlns=\"http:\/\/www.w3.org\/2000\/svg\"><path fill=\"currentColor\" d=\"M256 8C119 8 8 119 8 256s111 248 248 248 248-111 248-248S393 8 256 8zm0 448c-110.5 0-200-89.5-200-200S145.5 56 256 56s200 89.5 200 200-89.5 200-200 200z\"><\/path><\/svg><\/span><span class=\"gb-text\"><a href=\"https:\/\/www.ramses.de\/?page_id=1135\" data-type=\"link\" data-id=\"https:\/\/www.ramses.de\/?page_id=10\">Powerpoint Grundlagen<\/a><\/span><\/li>\n\n\n\n<li class=\"gb-text-df4f8970\"><span class=\"gb-shape\"><svg aria-hidden=\"true\" role=\"img\" height=\"1em\" width=\"1em\" viewBox=\"0 0 512 512\" xmlns=\"http:\/\/www.w3.org\/2000\/svg\"><path fill=\"currentColor\" d=\"M256 8C119 8 8 119 8 256s111 248 248 248 248-111 248-248S393 8 256 8zm0 448c-110.5 0-200-89.5-200-200S145.5 56 256 56s200 89.5 200 200-89.5 200-200 200z\"><\/path><\/svg><\/span><span class=\"gb-text\"><a href=\"https:\/\/www.ramses.de\/?page_id=1579\" data-type=\"link\" data-id=\"https:\/\/www.ramses.de\/?page_id=1099\">Powerpoint Aufbau<\/a><\/span><\/li>\n<\/ul>\n<\/div>\n\n\n\n<img loading=\"lazy\" decoding=\"async\" width=\"1466\" height=\"827\" class=\"gb-media-9c622188\" src=\"https:\/\/www.ramses.de\/wp-content\/uploads\/Powerpoint-2.jpg\" title=\"Powerpoint\" alt=\"Powerpoint Agenda\n\" srcset=\"https:\/\/www.ramses.de\/wp-content\/uploads\/Powerpoint-2.jpg 1466w, https:\/\/www.ramses.de\/wp-content\/uploads\/Powerpoint-2-300x169.jpg 300w, https:\/\/www.ramses.de\/wp-content\/uploads\/Powerpoint-2-1024x578.jpg 1024w, https:\/\/www.ramses.de\/wp-content\/uploads\/Powerpoint-2-768x433.jpg 768w\" sizes=\"auto, (max-width: 1466px) 100vw, 1466px\" \/>\n<\/div>\n<\/div>\n\n\n\n<div class=\"gbp-section gb-element-d18ee83d\">\n<div class=\"gbp-section__inner gb-element-0d5aaefb\">\n<div>\n<p class=\"gb-text gbp-section__tagline\">Service<\/p>\n\n\n\n<h2 class=\"gb-text gbp-section__headline\">Wie k\u00f6nnen wir Ihnen helfen?&nbsp;<\/h2>\n<\/div>\n\n\n\n<div>\n<p class=\"gb-text gbp-section__text\">Sie finden kein Konzept, das zu Ihnen passt? Senden Sie uns eine Mail und wir entwickeln ein Konzept, das individuell auf Sie zugeschnitten ist.<\/p>\n<\/div>\n<\/div>\n<\/div>\n\n\n\n<div class=\"gbp-section gb-element-9814209a\">\n<div class=\"gbp-section__inner\">\n<div class=\"gb-element-3e370fef\">\n<h2 class=\"gb-text gbp-section__headline\">Frequently Asked Questions<\/h2>\n\n\n\n<p class=\"gb-text gbp-section__text gb-text-ff9f6647\">Was uns zum Thema Powerpoint so eingefallen ist..,<\/p>\n<\/div>\n<\/div>\n\n\n\n<div class=\"gbp-section__inner gb-element-fabe970f\">\n<div><div class=\"gb-looper-a89423b2\">\n<div class=\"gb-loop-item gb-loop-item-eb855680 post-5606 post type-post status-publish format-standard hentry category-faq category-powerpoint tag-powerpoint\">\n<div class=\"gb-element-2fceffcd\">\n<p class=\"gb-text gbp-card__meta-text\"><span>FAQ<\/span>,<span>Powerpoint<\/span><\/p>\n\n\n\n<h2 class=\"gb-text gbp-card__title\"><a href=\"https:\/\/www.ramses.de\/?p=5606\">FAQ Powerpoint &#8211; Wie kann kann ein Video mit Untertiteln versehen werden?<\/a><\/h2>\n<\/div>\n\n\n<\/div>\n\n<div class=\"gb-loop-item gb-loop-item-eb855680 post-5379 post type-post status-publish format-standard hentry category-faq category-powerpoint tag-powerpoint\">\n<div class=\"gb-element-2fceffcd\">\n<p class=\"gb-text gbp-card__meta-text\"><span>FAQ<\/span>,<span>Powerpoint<\/span><\/p>\n\n\n\n<h2 class=\"gb-text gbp-card__title\"><a href=\"https:\/\/www.ramses.de\/?p=5379\">FAQ Powerpoint &#8211; Wie kann der Code von AddIns im Project Explorer anzeigt werden?<\/a><\/h2>\n<\/div>\n\n\n<\/div>\n\n<div class=\"gb-loop-item gb-loop-item-eb855680 post-4255 post type-post status-publish format-standard hentry category-faq category-powerpoint tag-powerpoint\">\n<div class=\"gb-element-2fceffcd\">\n<p class=\"gb-text gbp-card__meta-text\"><span>FAQ<\/span>,<span>Powerpoint<\/span><\/p>\n\n\n\n<h2 class=\"gb-text gbp-card__title\"><a href=\"https:\/\/www.ramses.de\/?p=4255\">FAQ Powerpoint &#8211; Textfelder per Message Box f\u00fcllen<\/a><\/h2>\n<\/div>\n\n\n<\/div>\n\n<div class=\"gb-loop-item gb-loop-item-eb855680 post-836 post type-post status-publish format-standard hentry category-faq category-powerpoint tag-powerpoint\">\n<div class=\"gb-element-2fceffcd\">\n<p class=\"gb-text gbp-card__meta-text\"><span>FAQ<\/span>,<span>Powerpoint<\/span><\/p>\n\n\n\n<h2 class=\"gb-text gbp-card__title\"><a href=\"https:\/\/www.ramses.de\/?p=836\">FAQ Powerpoint &#8211; Fixierter Folienmaster<\/a><\/h2>\n<\/div>\n\n\n<\/div>\n<\/div><\/div>\n<\/div>\n<\/div>\n\n\n\n<p><\/p>\n","protected":false},"excerpt":{"rendered":"<p>Microsoft Powerpoint Lernen Sie das Erstellen toller Pr\u00e4sentationen mit dem Marktf\u00fchrer. Ob Vortr\u00e4ge, interaktive Pr\u00e4sentationen oder multimediale Demonstationen. Mit Powerpoint gelingt Ihnen diese Arbeit spielend. &#8230; <a title=\"Powerpoint Schulungen\" class=\"read-more\" href=\"https:\/\/www.ramses.de\/?page_id=699\" aria-label=\"Mehr Informationen \u00fcber Powerpoint Schulungen\">Weiterlesen &#8230;<\/a><\/p>\n","protected":false},"author":1,"featured_media":0,"parent":670,"menu_order":0,"comment_status":"closed","ping_status":"closed","template":"","meta":{"footnotes":""},"class_list":["post-699","page","type-page","status-publish"],"_links":{"self":[{"href":"https:\/\/www.ramses.de\/index.php?rest_route=\/wp\/v2\/pages\/699","targetHints":{"allow":["GET"]}}],"collection":[{"href":"https:\/\/www.ramses.de\/index.php?rest_route=\/wp\/v2\/pages"}],"about":[{"href":"https:\/\/www.ramses.de\/index.php?rest_route=\/wp\/v2\/types\/page"}],"author":[{"embeddable":true,"href":"https:\/\/www.ramses.de\/index.php?rest_route=\/wp\/v2\/users\/1"}],"replies":[{"embeddable":true,"href":"https:\/\/www.ramses.de\/index.php?rest_route=%2Fwp%2Fv2%2Fcomments&post=699"}],"version-history":[{"count":15,"href":"https:\/\/www.ramses.de\/index.php?rest_route=\/wp\/v2\/pages\/699\/revisions"}],"predecessor-version":[{"id":7217,"href":"https:\/\/www.ramses.de\/index.php?rest_route=\/wp\/v2\/pages\/699\/revisions\/7217"}],"up":[{"embeddable":true,"href":"https:\/\/www.ramses.de\/index.php?rest_route=\/wp\/v2\/pages\/670"}],"wp:attachment":[{"href":"https:\/\/www.ramses.de\/index.php?rest_route=%2Fwp%2Fv2%2Fmedia&parent=699"}],"curies":[{"name":"wp","href":"https:\/\/api.w.org\/{rel}","templated":true}]}}