{"id":705,"date":"2013-07-24T14:18:45","date_gmt":"2013-07-24T12:18:45","guid":{"rendered":"http:\/\/www.ramses.de\/?page_id=705"},"modified":"2025-12-22T12:17:45","modified_gmt":"2025-12-22T10:17:45","slug":"links","status":"publish","type":"page","link":"https:\/\/www.ramses.de\/?page_id=705","title":{"rendered":"Links"},"content":{"rendered":"\n<h1 class=\"wp-block-heading\">N\u00fctzliche Links<\/h1>\n\n\n\n<p>Das Internet ist voll von Seiten mit mehr oder weniger wertvollen Inhalten. Wie haben einige Seiten, auf denen wir beruflich interessante Dinge finden. Es w\u00e4re denkbar, da\u00df auch f\u00fcr Sie das eine oder andere dabei ist.<\/p>\n\n\n\n<h3 class=\"wp-block-heading\"><strong>Access &#8211; Seiten<br><\/strong><\/h3>\n\n\n\n<ul class=\"wp-block-list\">\n<li><a href=\"http:\/\/www.groupacg.com\/\">ACG Soft &#8211; Einige Beispiel DBs <\/a><\/li>\n\n\n\n<li><a href=\"http:\/\/www.access-paradies.de\/\">Access Paradies &#8211; Programme und Tips rund um Access <\/a><\/li>\n\n\n\n<li><a href=\"http:\/\/www.access-im-unternehmen.de\/\">Access im Unternehmen &#8211; Kostenpflichtige Tips rund um Access <\/a><\/li>\n\n\n\n<li><a href=\"http:\/\/www.dbwiki.de\/\">DB Wiki &#8211; Access Ableger der ber\u00fchmten Wikipedia Seite <\/a><\/li>\n<\/ul>\n\n\n\n<h3 class=\"wp-block-heading\"><strong>Excel<br><\/strong><\/h3>\n\n\n\n<div>\n<ul>\n<li><a href=\"http:\/\/www.schmittis-page.de\/index.html?\/excel\/pwremover.htm\">Kleines Tool zum Aufheben vergessener Passworte <\/a><\/li>\n<\/ul>\n<\/div>\n\n\n\n<h3 class=\"wp-block-heading\"><strong>Outlook<br><\/strong><\/h3>\n\n\n\n<div>\n<ul>\n<li><a href=\"http:\/\/www.armin-hoepfl.de\/office-allgemein.html\">Feiertage f\u00fcr Outlook <\/a><\/li>\n<\/ul>\n<\/div>\n\n\n\n<h3 class=\"wp-block-heading\"><strong>Project<br><\/strong><\/h3>\n\n\n\n<div>\n<ul>\n<li><a href=\"http:\/\/www.theprojectgroup.de\/\">Kleines Tool zum \u00dcbernehmen der Feiertage in das MS Project <\/a><\/li>\n<\/ul>\n<\/div>\n\n\n\n<h3 class=\"wp-block-heading\"><strong>Datenbanken<br><\/strong><\/h3>\n\n\n\n<div>\n<ul>\n<li><a href=\"http:\/\/www.ofdb.de\/\">Filmdatenbank &#8211; Sie suchen eine Film, hier werden Sie f\u00fcndig <\/a><\/li>\n<\/ul>\n<\/div>\n\n\n\n<h3 class=\"wp-block-heading\"><strong>DSL und Co.<br><\/strong><\/h3>\n\n\n\n<div>\n<ul>\n<li><a href=\"http:\/\/www.speedmeter.nl\/speedmeter.de\/TestSuite\/TestController.asp\">Speedmeter &#8211; Testen Sie Ihre Internet Geschwindigkeit <\/a><\/li>\n<\/ul>\n<\/div>\n\n\n\n<h3 class=\"wp-block-heading\"><strong>Foren<br><\/strong><\/h3>\n\n\n\n<div>\n<ul>\n<li><a href=\"http:\/\/www.spotlight.de\/\">Spotlight &#8211; Das Forum f\u00fcr Fragen in allen Lebenslagen <\/a><\/li>\n<\/ul>\n<\/div>\n\n\n\n<h3 class=\"wp-block-heading\"><strong>HTML und Web Design<br><\/strong><\/h3>\n\n\n\n<ul class=\"wp-block-list\">\n<li><a href=\"http:\/\/www.html-php-mysql.de\/generatoren\/colors.php\">Farb Codes &#8211; Eine \u00dcbersicht \u00fcber alle HTML Farbcodes <\/a><\/li>\n\n\n\n<li><a href=\"http:\/\/www.gaijin.at\/olshtcrypt.php\">Verschl\u00fcsselung von Web Passw\u00f6rtern &#8211; Zugriffschutz auf Internet Seiten <\/a><\/li>\n<\/ul>\n\n\n\n<h3 class=\"wp-block-heading\"><strong>Sonstiges<br><\/strong><\/h3>\n\n\n\n<ul class=\"wp-block-list\">\n<li><a href=\"http:\/\/www2ftp.de\/\">Web basierender FTP Client &#8211; ww2ftp <\/a><\/li>\n\n\n\n<li><a href=\"http:\/\/www.spamfighter.com\/\">Spamfilter f\u00fcr Outlook &#8211; Spamfighter <\/a><\/li>\n\n\n\n<li><a href=\"http:\/\/www.porto-direkt.de\/\">Briefmarken Online kaufen und drucken <\/a><\/li>\n<\/ul>\n","protected":false},"excerpt":{"rendered":"<p>N\u00fctzliche Links Das Internet ist voll von Seiten mit mehr oder weniger wertvollen Inhalten. Wie haben einige Seiten, auf denen wir beruflich interessante Dinge finden. &#8230; <a title=\"Links\" class=\"read-more\" href=\"https:\/\/www.ramses.de\/?page_id=705\" aria-label=\"Mehr Informationen \u00fcber Links\">Weiterlesen &#8230;<\/a><\/p>\n","protected":false},"author":1,"featured_media":0,"parent":702,"menu_order":0,"comment_status":"closed","ping_status":"closed","template":"","meta":{"footnotes":""},"class_list":["post-705","page","type-page","status-publish"],"_links":{"self":[{"href":"https:\/\/www.ramses.de\/index.php?rest_route=\/wp\/v2\/pages\/705","targetHints":{"allow":["GET"]}}],"collection":[{"href":"https:\/\/www.ramses.de\/index.php?rest_route=\/wp\/v2\/pages"}],"about":[{"href":"https:\/\/www.ramses.de\/index.php?rest_route=\/wp\/v2\/types\/page"}],"author":[{"embeddable":true,"href":"https:\/\/www.ramses.de\/index.php?rest_route=\/wp\/v2\/users\/1"}],"replies":[{"embeddable":true,"href":"https:\/\/www.ramses.de\/index.php?rest_route=%2Fwp%2Fv2%2Fcomments&post=705"}],"version-history":[{"count":3,"href":"https:\/\/www.ramses.de\/index.php?rest_route=\/wp\/v2\/pages\/705\/revisions"}],"predecessor-version":[{"id":7361,"href":"https:\/\/www.ramses.de\/index.php?rest_route=\/wp\/v2\/pages\/705\/revisions\/7361"}],"up":[{"embeddable":true,"href":"https:\/\/www.ramses.de\/index.php?rest_route=\/wp\/v2\/pages\/702"}],"wp:attachment":[{"href":"https:\/\/www.ramses.de\/index.php?rest_route=%2Fwp%2Fv2%2Fmedia&parent=705"}],"curies":[{"name":"wp","href":"https:\/\/api.w.org\/{rel}","templated":true}]}}