{"id":7261,"date":"2025-11-19T09:13:09","date_gmt":"2025-11-19T07:13:09","guid":{"rendered":"https:\/\/www.ramses.de\/?page_id=7261"},"modified":"2025-11-19T09:24:03","modified_gmt":"2025-11-19T07:24:03","slug":"rolf-ronschke-gmbh-kks-datenbank-3-2","status":"publish","type":"page","link":"https:\/\/www.ramses.de\/?page_id=7261","title":{"rendered":"MD Niedersachsen &#8211; Behandlungsfehler"},"content":{"rendered":"\n<div class=\"gbp-section gb-element-69ab4e86\">\n<div class=\"gbp-section__inner gb-element-c05844a7\">\n<div class=\"gb-element-baecad57\">\n<h1 class=\"gb-text gbp-section__headline\">LuNa f\u00fcr den Medizinischen Dienst Niedersachsen<\/h1>\n\n\n\n<p class=\"gb-text gbp-section__text gb-text-6ea71c74\">Bei der \u00e4rztlichen Behandlung geht im besten Fall alles gut und die Patienten sind nach dem Eingriff gl\u00fccklich.<br>Sollte es aber einmal zu Problemen kommen, ben\u00f6tigt man einen neutralen Gutachter<\/p>\n<\/div>\n\n\n\n<a href=\"https:\/\/www.ramses.de\/wp-content\/uploads\/DB00-3.jpg\"><img loading=\"lazy\" decoding=\"async\" width=\"1922\" height=\"1112\" class=\"gb-media-e624dcf5\" src=\"https:\/\/www.ramses.de\/wp-content\/uploads\/DB00-3.jpg\" title=\"DB00\" alt=\"Hauptmen\u00fc\" srcset=\"https:\/\/www.ramses.de\/wp-content\/uploads\/DB00-3.jpg 1922w, https:\/\/www.ramses.de\/wp-content\/uploads\/DB00-3-300x174.jpg 300w, https:\/\/www.ramses.de\/wp-content\/uploads\/DB00-3-1024x592.jpg 1024w, https:\/\/www.ramses.de\/wp-content\/uploads\/DB00-3-768x444.jpg 768w, https:\/\/www.ramses.de\/wp-content\/uploads\/DB00-3-1536x889.jpg 1536w\" sizes=\"auto, (max-width: 1922px) 100vw, 1922px\" \/><\/a>\n<\/div>\n<\/div>\n\n\n\n<div class=\"gbp-section gb-element-76526951\">\n<div class=\"gbp-section__inner\">\n<div class=\"gb-element-5e852895\">\n<p class=\"gb-text gbp-section__tagline\">Features<\/p>\n\n\n\n<h2 class=\"gb-text gbp-section__headline\">Was die Datenbank bietet<\/h2>\n\n\n\n<p class=\"gb-text gbp-section__text gb-text-02da5d34\">Die Datenbank bietet eine Verwaltung der Versicherten und deren F\u00e4lle.<\/p>\n<\/div>\n<\/div>\n\n\n\n<div class=\"gbp-section__inner gb-element-d2ad073a\">\n<div>\n<a href=\"https:\/\/www.ramses.de\/wp-content\/uploads\/DB01-2.jpg\"><img loading=\"lazy\" decoding=\"async\" width=\"1932\" height=\"1111\" class=\"gb-media-ea72fbb7\" src=\"https:\/\/www.ramses.de\/wp-content\/uploads\/DB01-2.jpg\" title=\"DB01\" alt=\"Versicherte\" srcset=\"https:\/\/www.ramses.de\/wp-content\/uploads\/DB01-2.jpg 1932w, https:\/\/www.ramses.de\/wp-content\/uploads\/DB01-2-300x173.jpg 300w, https:\/\/www.ramses.de\/wp-content\/uploads\/DB01-2-1024x589.jpg 1024w, https:\/\/www.ramses.de\/wp-content\/uploads\/DB01-2-768x442.jpg 768w, https:\/\/www.ramses.de\/wp-content\/uploads\/DB01-2-1536x883.jpg 1536w\" sizes=\"auto, (max-width: 1932px) 100vw, 1932px\" \/><\/a>\n\n\n\n<h3 class=\"gb-text gbp-section__headline\">Versichertenverwaltung<\/h3>\n\n\n\n<p class=\"gb-text gbp-section__text\">\u00dcber die Anfragen wird der Kundenbedarf aufgenommen und ihm ein Angebot unterbreitet. Im Falle der Auftragserteilung wird aus dem Angebot ein Auftrag.<\/p>\n<\/div>\n\n\n\n<div>\n<a href=\"https:\/\/www.ramses.de\/wp-content\/uploads\/DB01-3.jpg\"><img loading=\"lazy\" decoding=\"async\" width=\"1919\" height=\"1109\" class=\"gb-media-731c22a7\" src=\"https:\/\/www.ramses.de\/wp-content\/uploads\/DB01-3.jpg\" title=\"DB01\" alt=\"Versicherte\" srcset=\"https:\/\/www.ramses.de\/wp-content\/uploads\/DB01-3.jpg 1919w, https:\/\/www.ramses.de\/wp-content\/uploads\/DB01-3-300x173.jpg 300w, https:\/\/www.ramses.de\/wp-content\/uploads\/DB01-3-1024x592.jpg 1024w, https:\/\/www.ramses.de\/wp-content\/uploads\/DB01-3-768x444.jpg 768w, https:\/\/www.ramses.de\/wp-content\/uploads\/DB01-3-1536x888.jpg 1536w\" sizes=\"auto, (max-width: 1919px) 100vw, 1919px\" \/><\/a>\n\n\n\n<h3 class=\"gb-text gbp-section__headline\">Gutachten<\/h3>\n\n\n\n<p class=\"gb-text gbp-section__text\">Die Auftragserstellung umfasst das Erzeugen der Belege sowie deren Abrechnung per Papier oder PDF. Eine Excel \u00dcbergabe vervollst\u00e4ndigt die M\u00f6glichkeiten in der Datenbank<\/p>\n<\/div>\n\n\n\n<div>\n<a href=\"https:\/\/www.ramses.de\/wp-content\/uploads\/DB05-2.jpg\"><img loading=\"lazy\" decoding=\"async\" width=\"1874\" height=\"1253\" class=\"gb-media-be0709d7\" src=\"https:\/\/www.ramses.de\/wp-content\/uploads\/DB05-2.jpg\" title=\"DB05\" alt=\"Auswertungen\" srcset=\"https:\/\/www.ramses.de\/wp-content\/uploads\/DB05-2.jpg 1874w, https:\/\/www.ramses.de\/wp-content\/uploads\/DB05-2-300x201.jpg 300w, https:\/\/www.ramses.de\/wp-content\/uploads\/DB05-2-1024x685.jpg 1024w, https:\/\/www.ramses.de\/wp-content\/uploads\/DB05-2-768x514.jpg 768w, https:\/\/www.ramses.de\/wp-content\/uploads\/DB05-2-1536x1027.jpg 1536w\" sizes=\"auto, (max-width: 1874px) 100vw, 1874px\" \/><\/a>\n\n\n\n<h3 class=\"gb-text gbp-section__headline\">Auswertungen<\/h3>\n\n\n\n<p class=\"gb-text gbp-section__text\">Diverse Auswertungen und Statistiken bieten eine vielf\u00e4ltige Palette an schnellen M\u00f6glichkeiten sich einen \u00dcberblick zu verschaffen.<\/p>\n<\/div>\n<\/div>\n<\/div>\n\n\n\n<div class=\"gbp-section gb-element-54f74277\">\n<div class=\"gbp-section__inner gb-element-3c224739\">\n<div class=\"gb-element-f83a6a9e\">\n<p class=\"gb-text gbp-section__tagline\">Zentrale Aufgaben<\/p>\n\n\n\n<h2 class=\"gb-text gbp-section__headline\">Integrierte Benutzerverwaltung <\/h2>\n\n\n\n<ul class=\"gb-element-bd01496d\">\n<li class=\"gb-element-03da21eb\">\n<div class=\"gb-text gb-text-8bfe08bc\">User<\/div>\n\n\n\n<p class=\"gb-text gb-text-7648ac6b\">Anwenderverwaltung<\/p>\n<\/li>\n\n\n\n<li class=\"gb-element-6276855e\">\n<div class=\"gb-text gb-text-c864ded9\">Usergruppen<\/div>\n\n\n\n<p class=\"gb-text gb-text-8a4a88ec\">Rechterollen <\/p>\n<\/li>\n\n\n\n<li class=\"gb-element-8c9c18bd\">\n<div class=\"gb-text gb-text-5c960fb9\">Wiedervorlagen<\/div>\n\n\n\n<p class=\"gb-text gb-text-02a38ea9\">ToDo Listen zur Aufgabenverwaltung.<\/p>\n<\/li>\n\n\n\n<li class=\"gb-element-4d4ea20b\">\n<div class=\"gb-text gb-text-3007957f\">Stammdaten<\/div>\n\n\n\n<p class=\"gb-text gb-text-4fa11e37\">Zentrale Verwaltung wichtiger Werte und Informationen<\/p>\n<\/li>\n<\/ul>\n<\/div>\n\n\n\n<a href=\"https:\/\/www.ramses.de\/wp-content\/uploads\/DB03-3.jpg\"><img loading=\"lazy\" decoding=\"async\" width=\"1925\" height=\"1106\" class=\"gb-media-2fb18992\" src=\"https:\/\/www.ramses.de\/wp-content\/uploads\/DB03-3.jpg\" title=\"DB03\" alt=\"Stammdaten\" srcset=\"https:\/\/www.ramses.de\/wp-content\/uploads\/DB03-3.jpg 1925w, https:\/\/www.ramses.de\/wp-content\/uploads\/DB03-3-300x172.jpg 300w, https:\/\/www.ramses.de\/wp-content\/uploads\/DB03-3-1024x588.jpg 1024w, https:\/\/www.ramses.de\/wp-content\/uploads\/DB03-3-768x441.jpg 768w, https:\/\/www.ramses.de\/wp-content\/uploads\/DB03-3-1536x883.jpg 1536w\" sizes=\"auto, (max-width: 1925px) 100vw, 1925px\" \/><\/a>\n<\/div>\n<\/div>\n","protected":false},"excerpt":{"rendered":"<p>LuNa f\u00fcr den Medizinischen Dienst Niedersachsen Bei der \u00e4rztlichen Behandlung geht im besten Fall alles gut und die Patienten sind nach dem Eingriff gl\u00fccklich.Sollte es &#8230; <a title=\"MD Niedersachsen &#8211; Behandlungsfehler\" class=\"read-more\" href=\"https:\/\/www.ramses.de\/?page_id=7261\" aria-label=\"Mehr Informationen \u00fcber MD Niedersachsen &#8211; Behandlungsfehler\">Weiterlesen &#8230;<\/a><\/p>\n","protected":false},"author":1,"featured_media":0,"parent":5950,"menu_order":0,"comment_status":"closed","ping_status":"closed","template":"","meta":{"footnotes":""},"class_list":["post-7261","page","type-page","status-publish"],"_links":{"self":[{"href":"https:\/\/www.ramses.de\/index.php?rest_route=\/wp\/v2\/pages\/7261","targetHints":{"allow":["GET"]}}],"collection":[{"href":"https:\/\/www.ramses.de\/index.php?rest_route=\/wp\/v2\/pages"}],"about":[{"href":"https:\/\/www.ramses.de\/index.php?rest_route=\/wp\/v2\/types\/page"}],"author":[{"embeddable":true,"href":"https:\/\/www.ramses.de\/index.php?rest_route=\/wp\/v2\/users\/1"}],"replies":[{"embeddable":true,"href":"https:\/\/www.ramses.de\/index.php?rest_route=%2Fwp%2Fv2%2Fcomments&post=7261"}],"version-history":[{"count":5,"href":"https:\/\/www.ramses.de\/index.php?rest_route=\/wp\/v2\/pages\/7261\/revisions"}],"predecessor-version":[{"id":7558,"href":"https:\/\/www.ramses.de\/index.php?rest_route=\/wp\/v2\/pages\/7261\/revisions\/7558"}],"up":[{"embeddable":true,"href":"https:\/\/www.ramses.de\/index.php?rest_route=\/wp\/v2\/pages\/5950"}],"wp:attachment":[{"href":"https:\/\/www.ramses.de\/index.php?rest_route=%2Fwp%2Fv2%2Fmedia&parent=7261"}],"curies":[{"name":"wp","href":"https:\/\/api.w.org\/{rel}","templated":true}]}}