{"id":736,"date":"2013-07-24T15:04:26","date_gmt":"2013-07-24T13:04:26","guid":{"rendered":"http:\/\/www.ramses.de\/?page_id=736"},"modified":"2014-02-01T19:20:15","modified_gmt":"2014-02-01T17:20:15","slug":"referenzen-berufsfeuerwehr-hannover","status":"publish","type":"page","link":"https:\/\/www.ramses.de\/?page_id=736","title":{"rendered":"Referenzen &#8211; Berufsfeuerwehr Hannover"},"content":{"rendered":"<h1>Berufsfeuerwehr Hannover<\/h1>\n<h3><strong>Das Team F<\/strong><\/h3>\n<p>Die Berufsfeuerwehr in Hannover ist seit 1880 im Einsatz f\u00fcr die B\u00fcrger der Landeshauptstadt Hannover. Mit mehr als 125.000 Eins\u00e4tzen im Jahr sichert sie die das Leben in der Leine Metropole. Die rund 540 Mitarbeiter \/ Innen der f\u00fcnf Feuer- und Rettungswachen unterst\u00fctzen mit Hilfe der 17 hannoverschen Ortsfeuerwehren die Menschen nicht nur im Falle eines Brandes sondern auch durch Hilfeleistungseins\u00e4tze.<\/p>\n<p>Von der Katze auf dem Baum, Fahrzeugen auf dem Gleisbett bis hin zu Eins\u00e4tzen der Berufstaucher und der H\u00f6henretter reicht das Spektrum der M\u00e4nner und Frauen der Einsatzkr\u00e4fte. Zu diesen aktiven Eins\u00e4tzen kommt der wichtige Bereich des vorbeugenden Brandschutzes im Rahmen der Bauordnung, des Immissionschutzes und der Gentechnik. Wir sind ein wenig stolz darauf, mit unseren Datenbanken einen kleinen Beitrag zu dieser wichtigen Arbeit beizutragen.<\/p>\n<h3>Die Projekte<\/h3>\n<ul>\n<li><a href=\"https:\/\/www.ramses.de\/?page_id=758\">Objektverwaltung<\/a><\/li>\n<li><a title=\"Feuerwehr Hannover \u2013 Brand- und Hilfeleistung\" href=\"https:\/\/www.ramses.de\/?page_id=1458\">Brand- und Hilfeleistung<\/a><\/li>\n<li><a title=\"Feuerwehr Hannover \u2013 Cobrimport\" href=\"https:\/\/www.ramses.de\/?page_id=2302\">Cobraimport<\/a><\/li>\n<li><a title=\"Feuerwehr Hannover \u2013 Taucherverwaltung\" href=\"https:\/\/www.ramses.de\/?page_id=1447\">Tauchdatenbank<\/a><\/li>\n<li><a title=\"Feuerwehr Hannover \u2013 Statistiken\" href=\"https:\/\/www.ramses.de\/?page_id=2224\">Statistik<\/a><\/li>\n<li><a title=\"Feuerwehr Hannover \u2013 Transferdatenbank\" href=\"https:\/\/www.ramses.de\/?page_id=1467\">Externe Datenversorgung<\/a><\/li>\n<\/ul>\n<p>Weitere Informationen finden Sie im Internet <a href=\"http:\/\/www.feuerwehr-hannover.de\/\">hier&#8230;..<\/a><\/p>\n","protected":false},"excerpt":{"rendered":"<p>Berufsfeuerwehr Hannover Das Team F Die Berufsfeuerwehr in Hannover ist seit 1880 im Einsatz f\u00fcr die B\u00fcrger der Landeshauptstadt Hannover. Mit mehr als 125.000 Eins\u00e4tzen &#8230; <a title=\"Referenzen &#8211; Berufsfeuerwehr Hannover\" class=\"read-more\" href=\"https:\/\/www.ramses.de\/?page_id=736\" aria-label=\"Mehr Informationen \u00fcber Referenzen &#8211; Berufsfeuerwehr Hannover\">Weiterlesen &#8230;<\/a><\/p>\n","protected":false},"author":1,"featured_media":0,"parent":749,"menu_order":0,"comment_status":"closed","ping_status":"closed","template":"template-full-width.php","meta":{"footnotes":""},"class_list":["post-736","page","type-page","status-publish"],"_links":{"self":[{"href":"https:\/\/www.ramses.de\/index.php?rest_route=\/wp\/v2\/pages\/736","targetHints":{"allow":["GET"]}}],"collection":[{"href":"https:\/\/www.ramses.de\/index.php?rest_route=\/wp\/v2\/pages"}],"about":[{"href":"https:\/\/www.ramses.de\/index.php?rest_route=\/wp\/v2\/types\/page"}],"author":[{"embeddable":true,"href":"https:\/\/www.ramses.de\/index.php?rest_route=\/wp\/v2\/users\/1"}],"replies":[{"embeddable":true,"href":"https:\/\/www.ramses.de\/index.php?rest_route=%2Fwp%2Fv2%2Fcomments&post=736"}],"version-history":[{"count":11,"href":"https:\/\/www.ramses.de\/index.php?rest_route=\/wp\/v2\/pages\/736\/revisions"}],"predecessor-version":[{"id":2304,"href":"https:\/\/www.ramses.de\/index.php?rest_route=\/wp\/v2\/pages\/736\/revisions\/2304"}],"up":[{"embeddable":true,"href":"https:\/\/www.ramses.de\/index.php?rest_route=\/wp\/v2\/pages\/749"}],"wp:attachment":[{"href":"https:\/\/www.ramses.de\/index.php?rest_route=%2Fwp%2Fv2%2Fmedia&parent=736"}],"curies":[{"name":"wp","href":"https:\/\/api.w.org\/{rel}","templated":true}]}}