{"id":740,"date":"2013-07-24T15:08:50","date_gmt":"2013-07-24T13:08:50","guid":{"rendered":"http:\/\/www.ramses.de\/?page_id=740"},"modified":"2025-09-27T16:54:38","modified_gmt":"2025-09-27T14:54:38","slug":"referenzen-datenbanken","status":"publish","type":"page","link":"https:\/\/www.ramses.de\/?page_id=740","title":{"rendered":"Referenzen &#8211; Datenbanken"},"content":{"rendered":"\n<div>\n<h1>Projektarbeit<\/h1>\n<\/div>\n\n\n\n<div>Im Rahmen unserer Projekt Arbeit durften wir mit vielen Partnern zusammen arbeiten.<\/div>\n\n\n\n<div>&nbsp;<\/div>\n\n\n\n<div>Wir entwickeln Datenbanken sowohl f\u00fcr die freie Wirtschaft als auch f\u00fcr die \u00f6ffentliche Verwaltung.<\/div>\n\n\n\n<div>Wir d\u00fcrfen hier Kunden vorstellen, die wir in der Vergangenheit betreuen durften.<\/div>\n\n\n\n<div>&nbsp;<\/div>\n\n\n\n<ul class=\"wp-block-list\">\n<li><a title=\"Referenzen \u2013 Datenbanken \u2013 Der freie Markt\" href=\"https:\/\/www.ramses.de\/?page_id=745\">Der freie Markt<\/a><\/li>\n\n\n\n<li><a title=\"Die \u00f6ffentliche Hand\" href=\"https:\/\/www.ramses.de\/?page_id=749\">Die \u00f6ffentliche Hand<\/a><\/li>\n<\/ul>\n\n\n\n<div>&nbsp;<\/div>\n\n\n\n<div>Auch Sie haben Bedarf an einer individuellen Datenbankentwicklung?<br>Senden Sie uns eine Mail, wir melden uns umgehend bei Ihnen.<\/div>\n\n\n\n<p><\/p>\n","protected":false},"excerpt":{"rendered":"<p>Projektarbeit Im Rahmen unserer Projekt Arbeit durften wir mit vielen Partnern zusammen arbeiten. &nbsp; Wir entwickeln Datenbanken sowohl f\u00fcr die freie Wirtschaft als auch f\u00fcr &#8230; <a title=\"Referenzen &#8211; Datenbanken\" class=\"read-more\" href=\"https:\/\/www.ramses.de\/?page_id=740\" aria-label=\"Mehr Informationen \u00fcber Referenzen &#8211; Datenbanken\">Weiterlesen &#8230;<\/a><\/p>\n","protected":false},"author":1,"featured_media":0,"parent":717,"menu_order":0,"comment_status":"closed","ping_status":"closed","template":"","meta":{"footnotes":""},"class_list":["post-740","page","type-page","status-publish"],"_links":{"self":[{"href":"https:\/\/www.ramses.de\/index.php?rest_route=\/wp\/v2\/pages\/740","targetHints":{"allow":["GET"]}}],"collection":[{"href":"https:\/\/www.ramses.de\/index.php?rest_route=\/wp\/v2\/pages"}],"about":[{"href":"https:\/\/www.ramses.de\/index.php?rest_route=\/wp\/v2\/types\/page"}],"author":[{"embeddable":true,"href":"https:\/\/www.ramses.de\/index.php?rest_route=\/wp\/v2\/users\/1"}],"replies":[{"embeddable":true,"href":"https:\/\/www.ramses.de\/index.php?rest_route=%2Fwp%2Fv2%2Fcomments&post=740"}],"version-history":[{"count":11,"href":"https:\/\/www.ramses.de\/index.php?rest_route=\/wp\/v2\/pages\/740\/revisions"}],"predecessor-version":[{"id":7127,"href":"https:\/\/www.ramses.de\/index.php?rest_route=\/wp\/v2\/pages\/740\/revisions\/7127"}],"up":[{"embeddable":true,"href":"https:\/\/www.ramses.de\/index.php?rest_route=\/wp\/v2\/pages\/717"}],"wp:attachment":[{"href":"https:\/\/www.ramses.de\/index.php?rest_route=%2Fwp%2Fv2%2Fmedia&parent=740"}],"curies":[{"name":"wp","href":"https:\/\/api.w.org\/{rel}","templated":true}]}}