{"id":7483,"date":"2026-04-10T08:24:04","date_gmt":"2026-04-10T06:24:04","guid":{"rendered":"https:\/\/www.ramses.de\/?page_id=7483"},"modified":"2026-04-10T11:11:12","modified_gmt":"2026-04-10T09:11:12","slug":"m365-anlagen","status":"publish","type":"page","link":"https:\/\/www.ramses.de\/?page_id=7483","title":{"rendered":"M365 Anlagen"},"content":{"rendered":"\n<h2 class=\"wp-block-heading\">Hier finden Sie n\u00fctzlich Information zu unseren Seminaren<\/h2>\n\n\n\n<p class=\"gb-text\">Wenn Sie Vorschl\u00e4ge oder W\u00fcnsche zu den Anlagen haben, so w\u00fcrde ich mich \u00fcber eien Mali sehr freuen&#8230;<\/p>\n\n\n\n<div class=\"gbp-section gb-element-242859bd\">\n<div class=\"gbp-section__inner gb-element-037221ac\">\n<div class=\"gb-element-dadb8953\">\n<h3 class=\"gb-text gbp-section__headline gb-text-f8f827dd\">Pr\u00e4sentation<br>Teams<\/h3>\n\n\n\n<p class=\"gb-text gbp-section__text\">Teams als Infozentrale.<\/p>\n\n\n\n<div class=\"gb-element-0656877e\">\n<a class=\"gb-text gbp-button--primary\" href=\"https:\/\/www.ramses.de\/files\/RAMSES_TEAMS_HANDOUT.pdf\">Download<\/a>\n<\/div>\n<\/div>\n\n\n\n<div class=\"gb-element-8681a0e4\">\n<h3 class=\"gb-text gbp-section__headline gb-text-5c823b76\">Pr\u00e4sentation <br>Lists<\/h3>\n\n\n\n<p class=\"gb-text gbp-section__text\">Das clevere Listenprogramm.<\/p>\n\n\n\n<div class=\"gb-element-e6aeafc9\">\n<a class=\"gb-text gbp-button--primary\" href=\"https:\/\/www.ramses.de\/files\/RAMSES_LISTS_HANDOUT.pdf\">Download<\/a>\n<\/div>\n<\/div>\n\n\n\n<div class=\"gb-element-725cec47\">\n<h3 class=\"gb-text gbp-section__headline gb-text-4680a80b\">Pr\u00e4sentation<br>Planner<\/h3>\n\n\n\n<p class=\"gb-text gbp-section__text\">Die Aufgabenverwaltung im Team.<\/p>\n\n\n\n<div class=\"gb-element-d7e5e4ed\">\n<a class=\"gb-text gbp-button--primary\" href=\"https:\/\/www.ramses.de\/files\/RAMSES_PLANNER_HANDOUT.pdf\">Download<\/a>\n<\/div>\n<\/div>\n\n\n\n<div class=\"gb-element-1baa2f80\">\n<h3 class=\"gb-text gbp-section__headline gb-text-cf422da8\">Pr\u00e4sentation<br>Forms<\/h3>\n\n\n\n<p class=\"gb-text gbp-section__text\">Umfragen und Quizze.<\/p>\n\n\n\n<div class=\"gb-element-57348dbc\">\n<a class=\"gb-text gbp-button--primary\" href=\"https:\/\/www.ramses.de\/files\/RAMSES_FORMS_HANDOUT.pdf\">Download<\/a>\n<\/div>\n<\/div>\n\n\n\n<div class=\"gb-element-33564398\">\n<h3 class=\"gb-text gbp-section__headline gb-text-30389ccb\">Pr\u00e4sentation<br>SharePoint<\/h3>\n\n\n\n<p class=\"gb-text gbp-section__text\">Die m\u00e4chtige Dateiablage.<\/p>\n\n\n\n<div class=\"gb-element-2ca38388\">\n<a class=\"gb-text gbp-button--primary\" href=\"https:\/\/www.ramses.de\/files\/RAMSES_SHAREPOINT_HANDOUT.pdf\">Download<\/a>\n<\/div>\n<\/div>\n\n\n\n<div class=\"gb-element-1f90ac2a\">\n<h3 class=\"gb-text gbp-section__headline gb-text-9d291c12\">Pr\u00e4sentation<br>OneNote<\/h3>\n\n\n\n<p class=\"gb-text gbp-section__text\">Der putzige Notizblock.<\/p>\n\n\n\n<div class=\"gb-element-2390758d\">\n<a class=\"gb-text gbp-button--primary\" href=\"https:\/\/www.ramses.de\/files\/RAMSES_ONENOTE_HANDOUT.pdf\">Download<\/a>\n<\/div>\n<\/div>\n\n\n\n<div class=\"gb-element-d73ac0dd\">\n<h3 class=\"gb-text gbp-section__headline gb-text-3a38bc2e\">Pr\u00e4sentation<br>Loop<\/h3>\n\n\n\n<p class=\"gb-text gbp-section__text\">Der Ersatz f\u00fcr OneNote?<\/p>\n\n\n\n<div class=\"gb-element-d69aa284\">\n<a class=\"gb-text gbp-button--primary\" href=\"https:\/\/www.ramses.de\/files\/RAMSES_LOOP_HANDOUT.pdf\">Download<\/a>\n<\/div>\n<\/div>\n\n\n\n<div class=\"gb-element-bc718541\">\n<h3 class=\"gb-text gbp-section__headline gb-text-a4a679dd\">Pr\u00e4sentation<br>Selbstorganisation<\/h3>\n\n\n\n<p class=\"gb-text gbp-section__text\">Besser organisiert mit M365<\/p>\n\n\n\n<div class=\"gb-element-519a0286\">\n<a class=\"gb-text gbp-button--primary\" href=\"https:\/\/www.ramses.de\/files\/RAMSES_SELBSTORGA_HANDOUT.pdf\">Download<\/a>\n<\/div>\n<\/div>\n\n\n\n<div class=\"gb-element-20bae40c\">\n<h3 class=\"gb-text gbp-section__headline gb-text-58349c29\">Hier gibt <br>es nix<\/h3>\n\n\n\n<p class=\"gb-text gbp-section__text\">W\u00e4re sonst aber nicht symetrisch \ud83d\ude42<\/p>\n\n\n\n<div class=\"gb-element-f9cb3d67\">\n<a class=\"gb-text gbp-button--primary\" href=\"https:\/\/www.ramses.de\/wp-content\/uploads\/RAMSES%20Datenbank%20Entwicklung.pdf\">Download<\/a>\n<\/div>\n<\/div>\n<\/div>\n<\/div>\n\n\n\n<p><\/p>\n","protected":false},"excerpt":{"rendered":"<p>Hier finden Sie n\u00fctzlich Information zu unseren Seminaren Wenn Sie Vorschl\u00e4ge oder W\u00fcnsche zu den Anlagen haben, so w\u00fcrde ich mich \u00fcber eien Mali sehr &#8230; <a title=\"M365 Anlagen\" class=\"read-more\" href=\"https:\/\/www.ramses.de\/?page_id=7483\" aria-label=\"Mehr Informationen \u00fcber M365 Anlagen\">Weiterlesen &#8230;<\/a><\/p>\n","protected":false},"author":1,"featured_media":0,"parent":0,"menu_order":0,"comment_status":"closed","ping_status":"closed","template":"","meta":{"footnotes":""},"class_list":["post-7483","page","type-page","status-publish"],"_links":{"self":[{"href":"https:\/\/www.ramses.de\/index.php?rest_route=\/wp\/v2\/pages\/7483","targetHints":{"allow":["GET"]}}],"collection":[{"href":"https:\/\/www.ramses.de\/index.php?rest_route=\/wp\/v2\/pages"}],"about":[{"href":"https:\/\/www.ramses.de\/index.php?rest_route=\/wp\/v2\/types\/page"}],"author":[{"embeddable":true,"href":"https:\/\/www.ramses.de\/index.php?rest_route=\/wp\/v2\/users\/1"}],"replies":[{"embeddable":true,"href":"https:\/\/www.ramses.de\/index.php?rest_route=%2Fwp%2Fv2%2Fcomments&post=7483"}],"version-history":[{"count":9,"href":"https:\/\/www.ramses.de\/index.php?rest_route=\/wp\/v2\/pages\/7483\/revisions"}],"predecessor-version":[{"id":7498,"href":"https:\/\/www.ramses.de\/index.php?rest_route=\/wp\/v2\/pages\/7483\/revisions\/7498"}],"wp:attachment":[{"href":"https:\/\/www.ramses.de\/index.php?rest_route=%2Fwp%2Fv2%2Fmedia&parent=7483"}],"curies":[{"name":"wp","href":"https:\/\/api.w.org\/{rel}","templated":true}]}}