{"id":749,"date":"2013-07-24T15:17:00","date_gmt":"2013-07-24T13:17:00","guid":{"rendered":"http:\/\/www.ramses.de\/?page_id=749"},"modified":"2025-12-22T12:49:02","modified_gmt":"2025-12-22T10:49:02","slug":"referenzen-datenbanken-die-offentliche-hand","status":"publish","type":"page","link":"https:\/\/www.ramses.de\/?page_id=749","title":{"rendered":"Referenzen &#8211; Datenbanken &#8211; Die \u00f6ffentliche Hand"},"content":{"rendered":"\n<div class=\"gbp-section gb-element-dcdd6b02\">\n<div class=\"gbp-section__inner gb-element-746fb4c5\">\n<div>\n<h1 class=\"gb-text gbp-section__headline gb-text-8d96ee69\">Microsoft Access<\/h1>\n\n\n\n<p class=\"gb-text gbp-section__text\">Datenverwaltung ist eine der Hauptst\u00e4rken der EDV. Adressen, Kundenkontakte und Archive bis hin zur Bild-Datenbanken k\u00f6nnen per EDV aufgenommen, sortiert, durchsucht und selektiert werden. <\/p>\n\n\n\n<p>Das Datenbankprogramm Access erm\u00f6glicht Ihnen das leichte Umgehen mit Daten und deren Auswertung.<\/p>\n\n\n\n<p class=\"gb-text\"><\/p>\n\n\n\n<p>Im kaum einem Bereich der \u00f6ffentlichen Hand kommt man ohne die Verarbeitung von Informationen aus.<br>Wir erstellen seit nun mehr als 20 Jahren Software f\u00fcr die \u00f6ffentliche Hand. &#8222;Wir kennen uns aus&#8220; in der Arbeit der \u00f6ffentlichen<br>Verwaltung. Wir w\u00fcrden uns freuen, auch Ihnen ein unverbindliches Angebot f\u00fcr eine Softwarel\u00f6sung erstellen zu d\u00fcrfen<br><\/p>\n<\/div>\n<\/div>\n<\/div>\n\n\n\n<div class=\"gbp-section\">\n<div class=\"gbp-section__inner gb-element-f8fa2999\">\n<div class=\"gb-element-4a909f81\">\n<h2 class=\"gb-text gbp-section__headline\">Der Staat und die Kommunen<\/h2>\n\n\n\n<div class=\"gb-text gbp-section__text\">Hier ein kleiner Auszug der Projekte.<\/div>\n<\/div>\n<\/div>\n\n\n\n<div class=\"gbp-section__inner gb-element-032a75a7\">\n<div class=\"gbp-card gbp-card--border\">\n<span class=\"gb-shape gb-shape-f72f13e1\"><svg aria-hidden=\"true\" height=\"1em\" width=\"1em\" viewBox=\"0 0 512 512\" xmlns=\"http:\/\/www.w3.org\/2000\/svg\"><path fill=\"currentColor\" d=\"M256 56c110.532 0 200 89.451 200 200 0 110.532-89.451 200-200 200-110.532 0-200-89.451-200-200 0-110.532 89.451-200 200-200m0-48C119.033 8 8 119.033 8 256s111.033 248 248 248 248-111.033 248-248S392.967 8 256 8zm0 168c-44.183 0-80 35.817-80 80s35.817 80 80 80 80-35.817 80-80-35.817-80-80-80z\"><\/path><\/svg><\/span>\n\n\n\n<h3 class=\"gb-text gbp-card__title gb-text-efc7eb60\">Feuerwehr Hannover<\/h3>\n\n\n\n<div class=\"gb-text gbp-section__text gb-text-97a3d978\">Die Berufsfeuerwehr in Hannover ist seit 1880 im Einsatz f\u00fcr die B\u00fcrger der Landeshauptstadt Hannover. Mit mehr als 125.000 Eins\u00e4tzen im Jahr sichert sie die das Leben in der Leine Metropole<\/div>\n\n\n\n<a class=\"gb-text gbp-button--primary gb-text-cbd6d6c1\" href=\"https:\/\/www.ramses.de\/?page_id=736\">Mehr Infos<\/a>\n<\/div>\n\n\n\n<div class=\"gbp-card gbp-card--border\">\n<span class=\"gb-shape gb-shape-5f1b9a3c\"><svg aria-hidden=\"true\" height=\"1em\" width=\"1em\" viewBox=\"0 0 512 512\" xmlns=\"http:\/\/www.w3.org\/2000\/svg\"><path fill=\"currentColor\" d=\"M256 56c110.532 0 200 89.451 200 200 0 110.532-89.451 200-200 200-110.532 0-200-89.451-200-200 0-110.532 89.451-200 200-200m0-48C119.033 8 8 119.033 8 256s111.033 248 248 248 248-111.033 248-248S392.967 8 256 8zm0 168c-44.183 0-80 35.817-80 80s35.817 80 80 80 80-35.817 80-80-35.817-80-80-80z\"><\/path><\/svg><\/span>\n\n\n\n<h3 class=\"gb-text gbp-card__title gb-text-e8c18d6d\">Landesbibliothek<\/h3>\n\n\n\n<div class=\"gb-text gbp-section__text gb-text-f88a588e\">Als eine der zentralen Wissenschafts-, Kultur- und Bildungseinrichtungen Niedersachsens stellt sich die Gottfried Wilhelm Leibniz Bibliothek den Herausforderungen der modernen Informationswelt.&nbsp;<\/div>\n\n\n\n<a class=\"gb-text gbp-button--primary gb-text-17dfef3b\" href=\"https:\/\/www.ramses.de\/?page_id=1002\">Mehr Infos<\/a>\n<\/div>\n\n\n\n<div class=\"gbp-card gbp-card--border\">\n<span class=\"gb-shape gb-shape-69d42c22\"><svg aria-hidden=\"true\" height=\"1em\" width=\"1em\" viewBox=\"0 0 512 512\" xmlns=\"http:\/\/www.w3.org\/2000\/svg\"><path fill=\"currentColor\" d=\"M256 56c110.532 0 200 89.451 200 200 0 110.532-89.451 200-200 200-110.532 0-200-89.451-200-200 0-110.532 89.451-200 200-200m0-48C119.033 8 8 119.033 8 256s111.033 248 248 248 248-111.033 248-248S392.967 8 256 8zm0 168c-44.183 0-80 35.817-80 80s35.817 80 80 80 80-35.817 80-80-35.817-80-80-80z\"><\/path><\/svg><\/span>\n\n\n\n<h3 class=\"gb-text gbp-card__title gb-text-d59ed8cb\">LHH &#8211; Zentrale Dienste<\/h3>\n\n\n\n<div class=\"gb-text gbp-section__text gb-text-10eb613f\">Als Dienstleister der Landeshauptstadt Hannover fungiert die OE 10 \u2013 Zentrale Dienste. Die Bereitstellung, Wartung und Pflege ist die zentrale Aufgabe dieser Abteilung.<\/div>\n\n\n\n<a class=\"gb-text gbp-button--primary gb-text-79e71107\" href=\"https:\/\/www.ramses.de\/?page_id=1243\">Mehr Infos<\/a>\n<\/div>\n\n\n\n<div class=\"gbp-card gbp-card--border\">\n<span class=\"gb-shape gb-shape-5c0bd7b8\"><svg aria-hidden=\"true\" height=\"1em\" width=\"1em\" viewBox=\"0 0 512 512\" xmlns=\"http:\/\/www.w3.org\/2000\/svg\"><path fill=\"currentColor\" d=\"M256 56c110.532 0 200 89.451 200 200 0 110.532-89.451 200-200 200-110.532 0-200-89.451-200-200 0-110.532 89.451-200 200-200m0-48C119.033 8 8 119.033 8 256s111.033 248 248 248 248-111.033 248-248S392.967 8 256 8zm0 168c-44.183 0-80 35.817-80 80s35.817 80 80 80 80-35.817 80-80-35.817-80-80-80z\"><\/path><\/svg><\/span>\n\n\n\n<h3 class=\"gb-text gbp-card__title gb-text-8479bd06\">LHH &#8211; Aus- und Fortbildung<\/h3>\n\n\n\n<div class=\"gb-text gbp-section__text gb-text-aac6d97e\">Die Aus- und Fortbildung der Besch\u00e4ftigen der Landeshauptstadt Hannover ist die zentrale Aufgabe dieser Abteilung. Dazu geh\u00f6rt auch das managen der internen Stellen.<\/div>\n\n\n\n<a class=\"gb-text gbp-button--primary gb-text-cb94c583\" href=\"https:\/\/www.ramses.de\/?page_id=1664\">Mehr Infos<\/a>\n<\/div>\n\n\n\n<div class=\"gbp-card gbp-card--border\">\n<span class=\"gb-shape gb-shape-1da73a9d\"><svg aria-hidden=\"true\" height=\"1em\" width=\"1em\" viewBox=\"0 0 512 512\" xmlns=\"http:\/\/www.w3.org\/2000\/svg\"><path fill=\"currentColor\" d=\"M256 56c110.532 0 200 89.451 200 200 0 110.532-89.451 200-200 200-110.532 0-200-89.451-200-200 0-110.532 89.451-200 200-200m0-48C119.033 8 8 119.033 8 256s111.033 248 248 248 248-111.033 248-248S392.967 8 256 8zm0 168c-44.183 0-80 35.817-80 80s35.817 80 80 80 80-35.817 80-80-35.817-80-80-80z\"><\/path><\/svg><\/span>\n\n\n\n<h3 class=\"gb-text gbp-card__title gb-text-3451f49b\">LHH &#8211; B\u00fcro des Ober B\u00fcrgermeisters<\/h3>\n\n\n\n<div class=\"gb-text gbp-section__text gb-text-7e003916\">Als oberster Dienstherr der Stadtverwaltung der Landeshauptstadt Hannover obliegt dem B\u00fcrgermeister und seinem Team eine Vielfalt von Aufgaben.<\/div>\n\n\n\n<a class=\"gb-text gbp-button--primary gb-text-1ca61f11\" href=\"https:\/\/www.ramses.de\/?page_id=2824\">Mehr Infos<\/a>\n<\/div>\n\n\n\n<div class=\"gbp-card gbp-card--border\">\n<span class=\"gb-shape gb-shape-891231be\"><svg aria-hidden=\"true\" height=\"1em\" width=\"1em\" viewBox=\"0 0 512 512\" xmlns=\"http:\/\/www.w3.org\/2000\/svg\"><path fill=\"currentColor\" d=\"M256 56c110.532 0 200 89.451 200 200 0 110.532-89.451 200-200 200-110.532 0-200-89.451-200-200 0-110.532 89.451-200 200-200m0-48C119.033 8 8 119.033 8 256s111.033 248 248 248 248-111.033 248-248S392.967 8 256 8zm0 168c-44.183 0-80 35.817-80 80s35.817 80 80 80 80-35.817 80-80-35.817-80-80-80z\"><\/path><\/svg><\/span>\n\n\n\n<h3 class=\"gb-text gbp-card__title gb-text-4334c4c7\">LHH &#8211; Geb\u00e4ude-management<\/h3>\n\n\n\n<div class=\"gb-text gbp-section__text gb-text-4c935e9a\">Die Geb\u00e4ude-wirtschaftsbetriebe der Landeshauptstadt befassen sich mit den Geb\u00e4uden die der Stadt Hannover geh\u00f6ren oder verwendet werden.<\/div>\n\n\n\n<a class=\"gb-text gbp-button--primary gb-text-f36db89d\" href=\"https:\/\/www.ramses.de\/?page_id=1017\">Mehr Infos<\/a>\n<\/div>\n\n\n\n<div class=\"gbp-card gbp-card--border\">\n<span class=\"gb-shape gb-shape-870c7370\"><svg aria-hidden=\"true\" height=\"1em\" width=\"1em\" viewBox=\"0 0 512 512\" xmlns=\"http:\/\/www.w3.org\/2000\/svg\"><path fill=\"currentColor\" d=\"M256 56c110.532 0 200 89.451 200 200 0 110.532-89.451 200-200 200-110.532 0-200-89.451-200-200 0-110.532 89.451-200 200-200m0-48C119.033 8 8 119.033 8 256s111.033 248 248 248 248-111.033 248-248S392.967 8 256 8zm0 168c-44.183 0-80 35.817-80 80s35.817 80 80 80 80-35.817 80-80-35.817-80-80-80z\"><\/path><\/svg><\/span>\n\n\n\n<h3 class=\"gb-text gbp-card__title gb-text-277e8779\">LHH &#8211; Soziales<\/h3>\n\n\n\n<div class=\"gb-text gbp-section__text gb-text-d4cb1704\">Die Aufgaben des Sozialamtes befassen sich mit den schwachen in unserer Gesellschaft, &nbsp;die sich in Notlagen befinden und deshalb auf individuelle pers\u00f6nliche<\/div>\n\n\n\n<a class=\"gb-text gbp-button--primary gb-text-50952f73\" href=\"https:\/\/www.ramses.de\/?page_id=1667\">Mehr Infos<\/a>\n<\/div>\n\n\n\n<div class=\"gbp-card gbp-card--border\">\n<span class=\"gb-shape gb-shape-b95e44dc\"><svg aria-hidden=\"true\" height=\"1em\" width=\"1em\" viewBox=\"0 0 512 512\" xmlns=\"http:\/\/www.w3.org\/2000\/svg\"><path fill=\"currentColor\" d=\"M256 56c110.532 0 200 89.451 200 200 0 110.532-89.451 200-200 200-110.532 0-200-89.451-200-200 0-110.532 89.451-200 200-200m0-48C119.033 8 8 119.033 8 256s111.033 248 248 248 248-111.033 248-248S392.967 8 256 8zm0 168c-44.183 0-80 35.817-80 80s35.817 80 80 80 80-35.817 80-80-35.817-80-80-80z\"><\/path><\/svg><\/span>\n\n\n\n<h3 class=\"gb-text gbp-card__title gb-text-c8462eaf\">LHH &#8211; Jugend und Familie<\/h3>\n\n\n\n<div class=\"gb-text gbp-section__text gb-text-384b1040\">Das Jugendamtes befasst sich mit der Verwaltung der st\u00e4dtischen Kinder- und Tagesst\u00e4tten wie auch die Unterst\u00fctzung der Kinder, die Probleme haben.<\/div>\n\n\n\n<a class=\"gb-text gbp-button--primary gb-text-b288b1b2\" href=\"https:\/\/www.ramses.de\/?page_id=1644\">Mehr Infos<\/a>\n<\/div>\n\n\n\n<div class=\"gbp-card gbp-card--border\">\n<span class=\"gb-shape gb-shape-7f64d2a5\"><svg aria-hidden=\"true\" height=\"1em\" width=\"1em\" viewBox=\"0 0 512 512\" xmlns=\"http:\/\/www.w3.org\/2000\/svg\"><path fill=\"currentColor\" d=\"M256 56c110.532 0 200 89.451 200 200 0 110.532-89.451 200-200 200-110.532 0-200-89.451-200-200 0-110.532 89.451-200 200-200m0-48C119.033 8 8 119.033 8 256s111.033 248 248 248 248-111.033 248-248S392.967 8 256 8zm0 168c-44.183 0-80 35.817-80 80s35.817 80 80 80 80-35.817 80-80-35.817-80-80-80z\"><\/path><\/svg><\/span>\n\n\n\n<h3 class=\"gb-text gbp-card__title gb-text-1dde45d0\">LHH &#8211; Sportst\u00e4tten<\/h3>\n\n\n\n<div class=\"gb-text gbp-section__text gb-text-ac857c5d\">Lorem ipsum dolor sit amet, consectetur adipiscing elit. Suspendisse varius enim in eros eleentum tristique. Duis cursus, mi quis viverra ornare, erosdolor interdum nulla, ut commodo diam libero vitae erat<\/div>\n\n\n\n<a class=\"gb-text gbp-button--primary gb-text-1b48a6b3\" href=\"#\">Mehr Infos<\/a>\n<\/div>\n\n\n\n<div class=\"gbp-card gbp-card--border\">\n<span class=\"gb-shape gb-shape-44182702\"><svg aria-hidden=\"true\" height=\"1em\" width=\"1em\" viewBox=\"0 0 512 512\" xmlns=\"http:\/\/www.w3.org\/2000\/svg\"><path fill=\"currentColor\" d=\"M256 56c110.532 0 200 89.451 200 200 0 110.532-89.451 200-200 200-110.532 0-200-89.451-200-200 0-110.532 89.451-200 200-200m0-48C119.033 8 8 119.033 8 256s111.033 248 248 248 248-111.033 248-248S392.967 8 256 8zm0 168c-44.183 0-80 35.817-80 80s35.817 80 80 80 80-35.817 80-80-35.817-80-80-80z\"><\/path><\/svg><\/span>\n\n\n\n<h3 class=\"gb-text gbp-card__title gb-text-7f8be5b2\">LHH &#8211; Recht und Ordnung<\/h3>\n\n\n\n<div class=\"gb-text gbp-section__text gb-text-9852f369\">Finanzen und andere zentrale Themen werden in diesem Fachbereich behandelt<\/div>\n\n\n\n<a class=\"gb-text gbp-button--primary gb-text-f5cc32ad\" href=\"https:\/\/www.ramses.de\/?page_id=2253\">Mehr Infos<\/a>\n<\/div>\n\n\n\n<div class=\"gbp-card gbp-card--border\">\n<span class=\"gb-shape gb-shape-80423d34\"><svg aria-hidden=\"true\" height=\"1em\" width=\"1em\" viewBox=\"0 0 512 512\" xmlns=\"http:\/\/www.w3.org\/2000\/svg\"><path fill=\"currentColor\" d=\"M256 56c110.532 0 200 89.451 200 200 0 110.532-89.451 200-200 200-110.532 0-200-89.451-200-200 0-110.532 89.451-200 200-200m0-48C119.033 8 8 119.033 8 256s111.033 248 248 248 248-111.033 248-248S392.967 8 256 8zm0 168c-44.183 0-80 35.817-80 80s35.817 80 80 80 80-35.817 80-80-35.817-80-80-80z\"><\/path><\/svg><\/span>\n\n\n\n<h3 class=\"gb-text gbp-card__title gb-text-4731cb7f\">LHH &#8211; Tiefbau<\/h3>\n\n\n\n<div class=\"gb-text gbp-section__text gb-text-357cb210\">Die Aufgaben des Tiefbauamtes sind weit gef\u00e4chert. Der Erhalt der Verkehrswege in der Stadt Hannover ist nur eine Aufgabe des Fachbereiches.&nbsp;<\/div>\n\n\n\n<a class=\"gb-text gbp-button--primary gb-text-4073c5f1\" href=\"https:\/\/www.ramses.de\/?page_id=1671\">Mehr Infos<\/a>\n<\/div>\n\n\n\n<div class=\"gbp-card gbp-card--border\">\n<span class=\"gb-shape gb-shape-0f229c97\"><svg aria-hidden=\"true\" height=\"1em\" width=\"1em\" viewBox=\"0 0 512 512\" xmlns=\"http:\/\/www.w3.org\/2000\/svg\"><path fill=\"currentColor\" d=\"M256 56c110.532 0 200 89.451 200 200 0 110.532-89.451 200-200 200-110.532 0-200-89.451-200-200 0-110.532 89.451-200 200-200m0-48C119.033 8 8 119.033 8 256s111.033 248 248 248 248-111.033 248-248S392.967 8 256 8zm0 168c-44.183 0-80 35.817-80 80s35.817 80 80 80 80-35.817 80-80-35.817-80-80-80z\"><\/path><\/svg><\/span>\n\n\n\n<h3 class=\"gb-text gbp-card__title gb-text-317d239d\">LHH &#8211; Umwelt und Stadtgr\u00fcn<\/h3>\n\n\n\n<div class=\"gb-text gbp-section__text gb-text-7c933fda\">Rund 750 Mitarbeiterinnen und Mitarbeiter planen, bauen und pflegen die \u00f6ffentlichen Gr\u00fcnfl\u00e4chen, Spielpl\u00e4tze, W\u00e4lder, Parks und Stra\u00dfenb\u00e4ume im Stadtgebiet.<\/div>\n\n\n\n<a class=\"gb-text gbp-button--primary gb-text-ddfd77ea\" href=\"https:\/\/www.ramses.de\/?page_id=1155\">Mehr Infos<\/a>\n<\/div>\n\n\n\n<div class=\"gbp-card gbp-card--border\">\n<span class=\"gb-shape gb-shape-ed5d2e50\"><svg aria-hidden=\"true\" height=\"1em\" width=\"1em\" viewBox=\"0 0 512 512\" xmlns=\"http:\/\/www.w3.org\/2000\/svg\"><path fill=\"currentColor\" d=\"M256 56c110.532 0 200 89.451 200 200 0 110.532-89.451 200-200 200-110.532 0-200-89.451-200-200 0-110.532 89.451-200 200-200m0-48C119.033 8 8 119.033 8 256s111.033 248 248 248 248-111.033 248-248S392.967 8 256 8zm0 168c-44.183 0-80 35.817-80 80s35.817 80 80 80 80-35.817 80-80-35.817-80-80-80z\"><\/path><\/svg><\/span>\n\n\n\n<h3 class=\"gb-text gbp-card__title gb-text-48221e43\">LHH &#8211; Stadtentw\u00e4sserung<\/h3>\n\n\n\n<div class=\"gb-text gbp-section__text gb-text-99f96555\">Rund 460 Mitarbeiter sorgen rund um die Uhr daf\u00fcr, dass das Abwasser aus einem Gebiet von etwa 450 Quadratkilometern,<br>in dem rund 720.000 Menschen leben, gesammelt, gepumpt, transportiert und auf hohem Niveau gereinigt wird.<\/div>\n\n\n\n<a class=\"gb-text gbp-button--primary gb-text-4bb22638\" href=\"https:\/\/www.ramses.de\/?page_id=1263\">Mehr Infos<\/a>\n<\/div>\n\n\n\n<div class=\"gbp-card gbp-card--border\">\n<span class=\"gb-shape gb-shape-a6c6c674\"><svg aria-hidden=\"true\" height=\"1em\" width=\"1em\" viewBox=\"0 0 512 512\" xmlns=\"http:\/\/www.w3.org\/2000\/svg\"><path fill=\"currentColor\" d=\"M256 56c110.532 0 200 89.451 200 200 0 110.532-89.451 200-200 200-110.532 0-200-89.451-200-200 0-110.532 89.451-200 200-200m0-48C119.033 8 8 119.033 8 256s111.033 248 248 248 248-111.033 248-248S392.967 8 256 8zm0 168c-44.183 0-80 35.817-80 80s35.817 80 80 80 80-35.817 80-80-35.817-80-80-80z\"><\/path><\/svg><\/span>\n\n\n\n<h3 class=\"gb-text gbp-card__title gb-text-16bd8f4f\">LHH &#8211; Wohnungswesen<\/h3>\n\n\n\n<div class=\"gb-text gbp-section__text gb-text-5a44a9c6\">Im Rahmen Ihrer Arbeit besch\u00e4ftigt sich das Amt f\u00fcr Wohnungswesen unter anderem mit der F\u00f6rderung des Wohnraumes in der Stadt Hannover. Des weiteren sorgt sich das Fachamt um die Unterbringung der Obdachlosen, der Aussiedler und Asylbewerber.<\/div>\n\n\n\n<a class=\"gb-text gbp-button--primary gb-text-bfce2a76\" href=\"https:\/\/www.ramses.de\/?page_id=1166\">Mehr Infos<\/a>\n<\/div>\n\n\n\n<div class=\"gbp-card gbp-card--border\">\n<span class=\"gb-shape gb-shape-99210334\"><svg aria-hidden=\"true\" height=\"1em\" width=\"1em\" viewBox=\"0 0 512 512\" xmlns=\"http:\/\/www.w3.org\/2000\/svg\"><path fill=\"currentColor\" d=\"M256 56c110.532 0 200 89.451 200 200 0 110.532-89.451 200-200 200-110.532 0-200-89.451-200-200 0-110.532 89.451-200 200-200m0-48C119.033 8 8 119.033 8 256s111.033 248 248 248 248-111.033 248-248S392.967 8 256 8zm0 168c-44.183 0-80 35.817-80 80s35.817 80 80 80 80-35.817 80-80-35.817-80-80-80z\"><\/path><\/svg><\/span>\n\n\n\n<h3 class=\"gb-text gbp-card__title gb-text-9b005716\">ZVK<\/h3>\n\n\n\n<div class=\"gb-text gbp-section__text gb-text-459000cf\">Die Zentrale Versorgungskasse der Landeshauptstadt Hannover befa\u00dft sich unter anderen mit den Rentenanspr\u00fcchen der Mitarbeiter und Mitarbeiterinnen.<\/div>\n\n\n\n<a class=\"gb-text gbp-button--primary gb-text-9c0c4967\" href=\"https:\/\/www.ramses.de\/?page_id=2176\">Mehr Infos<\/a>\n<\/div>\n\n\n\n<div class=\"gbp-card gbp-card--border\">\n<span class=\"gb-shape gb-shape-5de3532e\"><svg aria-hidden=\"true\" height=\"1em\" width=\"1em\" viewBox=\"0 0 512 512\" xmlns=\"http:\/\/www.w3.org\/2000\/svg\"><path fill=\"currentColor\" d=\"M256 56c110.532 0 200 89.451 200 200 0 110.532-89.451 200-200 200-110.532 0-200-89.451-200-200 0-110.532 89.451-200 200-200m0-48C119.033 8 8 119.033 8 256s111.033 248 248 248 248-111.033 248-248S392.967 8 256 8zm0 168c-44.183 0-80 35.817-80 80s35.817 80 80 80 80-35.817 80-80-35.817-80-80-80z\"><\/path><\/svg><\/span>\n\n\n\n<h3 class=\"gb-text gbp-card__title gb-text-e1b755fd\">Region Hannover<\/h3>\n\n\n\n<div class=\"gb-text gbp-section__text gb-text-b2539e3e\">Die Region Hannover befasst sich unter anderem zusammen mit dem Umweltamt der Landeshauptstadt Hannover mit den Schornsteinfegern in Stadt und Land.<\/div>\n\n\n\n<a class=\"gb-text gbp-button--primary gb-text-d9bc1d5e\" href=\"https:\/\/www.ramses.de\/?page_id=1677\">Mehr Infos<\/a>\n<\/div>\n\n\n\n<div class=\"gbp-card gbp-card--border\">\n<span class=\"gb-shape gb-shape-c1cf9b24\"><svg aria-hidden=\"true\" height=\"1em\" width=\"1em\" viewBox=\"0 0 512 512\" xmlns=\"http:\/\/www.w3.org\/2000\/svg\"><path fill=\"currentColor\" d=\"M256 56c110.532 0 200 89.451 200 200 0 110.532-89.451 200-200 200-110.532 0-200-89.451-200-200 0-110.532 89.451-200 200-200m0-48C119.033 8 8 119.033 8 256s111.033 248 248 248 248-111.033 248-248S392.967 8 256 8zm0 168c-44.183 0-80 35.817-80 80s35.817 80 80 80 80-35.817 80-80-35.817-80-80-80z\"><\/path><\/svg><\/span>\n\n\n\n<h3 class=\"gb-text gbp-card__title gb-text-08e67836\">Stadt Braunschweig<\/h3>\n\n\n\n<div class=\"gb-text gbp-section__text gb-text-50a38fce\">Die Stadt im Herzen Niedersachsens ist ein der traditionsreichsten Kommunen in Niedersachsen.<\/div>\n\n\n\n<a class=\"gb-text gbp-button--primary gb-text-415e6df5\" href=\"https:\/\/www.ramses.de\/?page_id=1680\">Mehr Infos<\/a>\n<\/div>\n\n\n\n<div class=\"gbp-card gbp-card--border\">\n<span class=\"gb-shape gb-shape-ffe15a70\"><svg aria-hidden=\"true\" height=\"1em\" width=\"1em\" viewBox=\"0 0 512 512\" xmlns=\"http:\/\/www.w3.org\/2000\/svg\"><path fill=\"currentColor\" d=\"M256 56c110.532 0 200 89.451 200 200 0 110.532-89.451 200-200 200-110.532 0-200-89.451-200-200 0-110.532 89.451-200 200-200m0-48C119.033 8 8 119.033 8 256s111.033 248 248 248 248-111.033 248-248S392.967 8 256 8zm0 168c-44.183 0-80 35.817-80 80s35.817 80 80 80 80-35.817 80-80-35.817-80-80-80z\"><\/path><\/svg><\/span>\n\n\n\n<h3 class=\"gb-text gbp-card__title gb-text-8cd31493\">Stadt Lehrte<\/h3>\n\n\n\n<div class=\"gb-text gbp-section__text gb-text-626ad245\">Die Stadt Lehrte liegt in der Region Hannover und z\u00e4hlt damit zum Verwaltungs-verbund der Landes-hauptstadt Hannover und <\/div>\n\n\n\n<a class=\"gb-text gbp-button--primary gb-text-37a808df\" href=\"https:\/\/www.ramses.de\/?page_id=1680\">Mehr Infos<\/a>\n<\/div>\n<\/div>\n\n\n\n<div class=\"gbp-section__inner gb-element-408e68df\">\n<div class=\"gb-element-5fbea604\">\n<h3 class=\"gb-text gbp-section__headline\">Sie wollen das Access von der Pike auf lernen?<\/h3>\n\n\n\n<div class=\"gb-text gbp-section__text\">Besuchen Sie uns bei den Access Seminaren.<\/div>\n\n\n\n<a class=\"gb-text gbp-button--primary gb-text-8d7dc4bd\" href=\"https:\/\/www.ramses.de\/?page_id=690\">Mehr Infos<\/a>\n<\/div>\n<\/div>\n<\/div>\n","protected":false},"excerpt":{"rendered":"<p>Microsoft Access Datenverwaltung ist eine der Hauptst\u00e4rken der EDV. Adressen, Kundenkontakte und Archive bis hin zur Bild-Datenbanken k\u00f6nnen per EDV aufgenommen, sortiert, durchsucht und selektiert &#8230; <a title=\"Referenzen &#8211; Datenbanken &#8211; Die \u00f6ffentliche Hand\" class=\"read-more\" href=\"https:\/\/www.ramses.de\/?page_id=749\" aria-label=\"Mehr Informationen \u00fcber Referenzen &#8211; Datenbanken &#8211; Die \u00f6ffentliche Hand\">Weiterlesen &#8230;<\/a><\/p>\n","protected":false},"author":1,"featured_media":0,"parent":740,"menu_order":0,"comment_status":"closed","ping_status":"closed","template":"","meta":{"footnotes":""},"class_list":["post-749","page","type-page","status-publish"],"_links":{"self":[{"href":"https:\/\/www.ramses.de\/index.php?rest_route=\/wp\/v2\/pages\/749","targetHints":{"allow":["GET"]}}],"collection":[{"href":"https:\/\/www.ramses.de\/index.php?rest_route=\/wp\/v2\/pages"}],"about":[{"href":"https:\/\/www.ramses.de\/index.php?rest_route=\/wp\/v2\/types\/page"}],"author":[{"embeddable":true,"href":"https:\/\/www.ramses.de\/index.php?rest_route=\/wp\/v2\/users\/1"}],"replies":[{"embeddable":true,"href":"https:\/\/www.ramses.de\/index.php?rest_route=%2Fwp%2Fv2%2Fcomments&post=749"}],"version-history":[{"count":29,"href":"https:\/\/www.ramses.de\/index.php?rest_route=\/wp\/v2\/pages\/749\/revisions"}],"predecessor-version":[{"id":7517,"href":"https:\/\/www.ramses.de\/index.php?rest_route=\/wp\/v2\/pages\/749\/revisions\/7517"}],"up":[{"embeddable":true,"href":"https:\/\/www.ramses.de\/index.php?rest_route=\/wp\/v2\/pages\/740"}],"wp:attachment":[{"href":"https:\/\/www.ramses.de\/index.php?rest_route=%2Fwp%2Fv2%2Fmedia&parent=749"}],"curies":[{"name":"wp","href":"https:\/\/api.w.org\/{rel}","templated":true}]}}