{"id":789,"date":"2013-07-24T17:49:44","date_gmt":"2013-07-24T15:49:44","guid":{"rendered":"http:\/\/www.ramses.de\/?page_id=789"},"modified":"2018-07-11T07:56:35","modified_gmt":"2018-07-11T05:56:35","slug":"pflgeheime-dr-med-anne-wilkening-gmbh-bewohnerverwaltung","status":"publish","type":"page","link":"https:\/\/www.ramses.de\/?page_id=789","title":{"rendered":"Pflegeheime Dr. med. Anne Wilkening GmbH &#8211; Bewohnerverwaltung"},"content":{"rendered":"<h1><strong>Pflegeheime Dr. Wilkening Hannover<\/strong><\/h1>\n<p>Das Pflegeheim Verwaltungsprogramm befa\u00dft sich mit der Verwaltung der Bewohnerdaten der verschiedenen Einrichtungen der Pflegeheime Dr. Wilkening in der Region Hannover. Neben den Bewohnern werden alle Daten verarbeitet, die f\u00fcr die automatisierte Erstellung der Pflegeabrechnung relevant sind.<\/p>\n<p>Im System werden abrechnungsrelevante Informationen wie die Kassenzugeh\u00f6rigkeit ebenso verwaltet wie die Ausgabe der Barbetr\u00e4ge an die Bewohner. Abwesenheiten oder medizinische Besonderheiten wie die Sondennahrung sind im System ebenso hinterlegt wie der Wechsel in den Pflegestufen.<\/p>\n<ul>\n<li>Verwaltung von Personen und pers\u00f6nlichen Informationen<\/li>\n<li>Abrechnung der Dienstleistungen<\/li>\n<li>Speicherung der begleitenden Dienste und den Abwesenheiten<\/li>\n<li>Zuweisung zu Angeh\u00f6rigen, Betreuern und Kranken- und Pflegekassen<\/li>\n<li>Automatisierte Abrechnung der Pflegeentgelte<\/li>\n<li>Inkontinenz inklusive Abrechnung<\/li>\n<li>Ausf\u00fchrliches Berichtswesen<\/li>\n<li>Schnittstellen zu DATEV<\/li>\n<\/ul>\n<p>In Zeiten steigender Gesundheitskosten bietet dieses System der Gesch\u00e4ftsf\u00fchrung der Pflegeheime Dr. Wilkening ein Werkzeug, einen optimalen Informationsflu\u00df \u00fcber die Bewohner und deren Leistungen zu gew\u00e4hrleisten.<\/p>\n<p>&nbsp;<\/p>\n<p><img loading=\"lazy\" decoding=\"async\" class=\"alignnone size-medium wp-image-4761\" src=\"https:\/\/www.ramses.de\/wp-content\/uploads\/PFLEGE01-300x206.jpg\" alt=\"\" width=\"300\" height=\"206\" srcset=\"https:\/\/www.ramses.de\/wp-content\/uploads\/PFLEGE01-300x206.jpg 300w, https:\/\/www.ramses.de\/wp-content\/uploads\/PFLEGE01-768x527.jpg 768w, https:\/\/www.ramses.de\/wp-content\/uploads\/PFLEGE01-1024x703.jpg 1024w, https:\/\/www.ramses.de\/wp-content\/uploads\/PFLEGE01.jpg 1516w\" sizes=\"auto, (max-width: 300px) 100vw, 300px\" \/> <img loading=\"lazy\" decoding=\"async\" class=\"alignnone size-medium wp-image-4762\" src=\"https:\/\/www.ramses.de\/wp-content\/uploads\/PFLEGE02-300x204.jpg\" alt=\"\" width=\"300\" height=\"204\" srcset=\"https:\/\/www.ramses.de\/wp-content\/uploads\/PFLEGE02-300x204.jpg 300w, https:\/\/www.ramses.de\/wp-content\/uploads\/PFLEGE02-768x523.jpg 768w, https:\/\/www.ramses.de\/wp-content\/uploads\/PFLEGE02-1024x697.jpg 1024w, https:\/\/www.ramses.de\/wp-content\/uploads\/PFLEGE02.jpg 1555w\" sizes=\"auto, (max-width: 300px) 100vw, 300px\" \/> <img loading=\"lazy\" decoding=\"async\" class=\"alignnone size-medium wp-image-4763\" src=\"https:\/\/www.ramses.de\/wp-content\/uploads\/PFLEGE03-300x203.jpg\" alt=\"\" width=\"300\" height=\"203\" srcset=\"https:\/\/www.ramses.de\/wp-content\/uploads\/PFLEGE03-300x203.jpg 300w, https:\/\/www.ramses.de\/wp-content\/uploads\/PFLEGE03-768x521.jpg 768w, https:\/\/www.ramses.de\/wp-content\/uploads\/PFLEGE03-1024x695.jpg 1024w, https:\/\/www.ramses.de\/wp-content\/uploads\/PFLEGE03.jpg 1554w\" sizes=\"auto, (max-width: 300px) 100vw, 300px\" \/> <img loading=\"lazy\" decoding=\"async\" class=\"alignnone size-medium wp-image-4764\" src=\"https:\/\/www.ramses.de\/wp-content\/uploads\/PFLEGE04-300x203.jpg\" alt=\"\" width=\"300\" height=\"203\" srcset=\"https:\/\/www.ramses.de\/wp-content\/uploads\/PFLEGE04-300x203.jpg 300w, https:\/\/www.ramses.de\/wp-content\/uploads\/PFLEGE04-768x519.jpg 768w, https:\/\/www.ramses.de\/wp-content\/uploads\/PFLEGE04-1024x693.jpg 1024w, https:\/\/www.ramses.de\/wp-content\/uploads\/PFLEGE04.jpg 1557w\" sizes=\"auto, (max-width: 300px) 100vw, 300px\" \/> <img loading=\"lazy\" decoding=\"async\" class=\"alignnone size-medium wp-image-4765\" src=\"https:\/\/www.ramses.de\/wp-content\/uploads\/PFLEGE05-300x204.jpg\" alt=\"\" width=\"300\" height=\"204\" srcset=\"https:\/\/www.ramses.de\/wp-content\/uploads\/PFLEGE05-300x204.jpg 300w, https:\/\/www.ramses.de\/wp-content\/uploads\/PFLEGE05-768x522.jpg 768w, https:\/\/www.ramses.de\/wp-content\/uploads\/PFLEGE05-1024x696.jpg 1024w, https:\/\/www.ramses.de\/wp-content\/uploads\/PFLEGE05.jpg 1551w\" sizes=\"auto, (max-width: 300px) 100vw, 300px\" \/><\/p>\n","protected":false},"excerpt":{"rendered":"<p>Pflegeheime Dr. Wilkening Hannover Das Pflegeheim Verwaltungsprogramm befa\u00dft sich mit der Verwaltung der Bewohnerdaten der verschiedenen Einrichtungen der Pflegeheime Dr. Wilkening in der Region Hannover. &#8230; <a title=\"Pflegeheime Dr. med. Anne Wilkening GmbH &#8211; Bewohnerverwaltung\" class=\"read-more\" href=\"https:\/\/www.ramses.de\/?page_id=789\" aria-label=\"Mehr Informationen \u00fcber Pflegeheime Dr. med. Anne Wilkening GmbH &#8211; Bewohnerverwaltung\">Weiterlesen &#8230;<\/a><\/p>\n","protected":false},"author":1,"featured_media":4761,"parent":782,"menu_order":0,"comment_status":"closed","ping_status":"closed","template":"","meta":{"footnotes":""},"class_list":{"0":"post-789","1":"page","2":"type-page","3":"status-publish","4":"has-post-thumbnail","6":"resize-featured-image"},"_links":{"self":[{"href":"https:\/\/www.ramses.de\/index.php?rest_route=\/wp\/v2\/pages\/789","targetHints":{"allow":["GET"]}}],"collection":[{"href":"https:\/\/www.ramses.de\/index.php?rest_route=\/wp\/v2\/pages"}],"about":[{"href":"https:\/\/www.ramses.de\/index.php?rest_route=\/wp\/v2\/types\/page"}],"author":[{"embeddable":true,"href":"https:\/\/www.ramses.de\/index.php?rest_route=\/wp\/v2\/users\/1"}],"replies":[{"embeddable":true,"href":"https:\/\/www.ramses.de\/index.php?rest_route=%2Fwp%2Fv2%2Fcomments&post=789"}],"version-history":[{"count":8,"href":"https:\/\/www.ramses.de\/index.php?rest_route=\/wp\/v2\/pages\/789\/revisions"}],"predecessor-version":[{"id":4766,"href":"https:\/\/www.ramses.de\/index.php?rest_route=\/wp\/v2\/pages\/789\/revisions\/4766"}],"up":[{"embeddable":true,"href":"https:\/\/www.ramses.de\/index.php?rest_route=\/wp\/v2\/pages\/782"}],"wp:featuredmedia":[{"embeddable":true,"href":"https:\/\/www.ramses.de\/index.php?rest_route=\/wp\/v2\/media\/4761"}],"wp:attachment":[{"href":"https:\/\/www.ramses.de\/index.php?rest_route=%2Fwp%2Fv2%2Fmedia&parent=789"}],"curies":[{"name":"wp","href":"https:\/\/api.w.org\/{rel}","templated":true}]}}