{"id":799,"date":"2013-07-24T18:07:44","date_gmt":"2013-07-24T16:07:44","guid":{"rendered":"http:\/\/www.ramses.de\/?page_id=799"},"modified":"2025-09-02T07:15:25","modified_gmt":"2025-09-02T05:15:25","slug":"haufig-gestellte-fragen-faqs","status":"publish","type":"page","link":"https:\/\/www.ramses.de\/?page_id=799","title":{"rendered":"H\u00e4ufig gestellte Fragen &#8211; FAQ&#8217;s"},"content":{"rendered":"\n<div class=\"gbp-section\">\n<div class=\"gbp-section__inner gb-element-3fc1356b\">\n<div class=\"gb-element-6a74ed03\">\n<h2 class=\"gb-text gbp-section__headline\">H\u00e4ufig gestellte Fragen<\/h2>\n\n\n\n<div class=\"gb-text gbp-section__text\">Zusammen mit unseren Partnern unterrichten wir t\u00e4glich Teilnehmer in EDV Kursen. Da bleibt es nicht aus, dass man eine Reihe von Fragen beantwortet. Hier finden Sie L\u00f6sungsvorschl\u00e4ge zu den meist gestellten Fragen.<br><br>In erster Linie ist dies ein Sammelsurium von Dingen, die ich f\u00fcr so interessant halte, das ich mir gerne aufschreibe, was ich sonst vergessen w\u00fcrde.<\/div>\n<\/div>\n<\/div>\n\n\n\n<div class=\"gbp-section__inner gb-element-77756a62\">\n<div class=\"gbp-card gbp-card--border\">\n<span class=\"gb-shape gb-shape-78f09588\"><svg xmlns=\"http:\/\/www.w3.org\/2000\/svg\" viewBox=\"0 0 512 512\" width=\"1em\" height=\"1em\" aria-hidden=\"true\"><path d=\"M256 56c110.532 0 200 89.451 200 200 0 110.532-89.451 200-200 200-110.532 0-200-89.451-200-200 0-110.532 89.451-200 200-200m0-48C119.033 8 8 119.033 8 256s111.033 248 248 248 248-111.033 248-248S392.967 8 256 8zm0 168c-44.183 0-80 35.817-80 80s35.817 80 80 80 80-35.817 80-80-35.817-80-80-80z\" fill=\"currentColor\"><\/path><\/svg><\/span>\n\n\n\n<h3 class=\"gb-text gbp-card__title gb-text-4d752b93\"><a href=\"https:\/\/www.ramses.de\/?page_id=819\" data-type=\"link\" data-id=\"https:\/\/www.ramses.de\/?page_id=819\">Microsoft Access<\/a><\/h3>\n\n\n\n<div class=\"gb-text gbp-section__text gb-text-638debfe\">Datenbanken sind das Salz in der Suppe f\u00fcr mich als IT Mensch. Dabei ergeben sich Fragen..<\/div>\n<\/div>\n\n\n\n<div class=\"gbp-card gbp-card--border\">\n<span class=\"gb-shape gb-shape-f2363be8\"><svg xmlns=\"http:\/\/www.w3.org\/2000\/svg\" viewBox=\"0 0 512 512\" width=\"1em\" height=\"1em\" aria-hidden=\"true\"><path d=\"M256 56c110.532 0 200 89.451 200 200 0 110.532-89.451 200-200 200-110.532 0-200-89.451-200-200 0-110.532 89.451-200 200-200m0-48C119.033 8 8 119.033 8 256s111.033 248 248 248 248-111.033 248-248S392.967 8 256 8zm0 168c-44.183 0-80 35.817-80 80s35.817 80 80 80 80-35.817 80-80-35.817-80-80-80z\" fill=\"currentColor\"><\/path><\/svg><\/span>\n\n\n\n<h3 class=\"gb-text gbp-card__title gb-text-43c50ad7\"><a href=\"https:\/\/www.ramses.de\/?page_id=855\" data-type=\"link\" data-id=\"https:\/\/www.ramses.de\/?page_id=855\">Microsoft Excel<\/a><\/h3>\n\n\n\n<div class=\"gb-text gbp-section__text gb-text-736252ec\">Die Tabellenkalkulation Excel ist eines der von mir am meisten geschulten Programmen.<\/div>\n<\/div>\n\n\n\n<div class=\"gbp-card gbp-card--border\">\n<span class=\"gb-shape gb-shape-fbd2b254\"><svg xmlns=\"http:\/\/www.w3.org\/2000\/svg\" viewBox=\"0 0 512 512\" width=\"1em\" height=\"1em\" aria-hidden=\"true\"><path d=\"M256 56c110.532 0 200 89.451 200 200 0 110.532-89.451 200-200 200-110.532 0-200-89.451-200-200 0-110.532 89.451-200 200-200m0-48C119.033 8 8 119.033 8 256s111.033 248 248 248 248-111.033 248-248S392.967 8 256 8zm0 168c-44.183 0-80 35.817-80 80s35.817 80 80 80 80-35.817 80-80-35.817-80-80-80z\" fill=\"currentColor\"><\/path><\/svg><\/span>\n\n\n\n<h3 class=\"gb-text gbp-card__title gb-text-db098822\"><a href=\"https:\/\/www.ramses.de\/?page_id=860\" data-type=\"link\" data-id=\"https:\/\/www.ramses.de\/?page_id=860\">Microsoft Outlook<\/a><\/h3>\n\n\n\n<div class=\"gb-text gbp-section__text gb-text-a3d2f710\">Ohne mein geliebtes Outlook w\u00fcrde ich meinen Arbeitsalltag nicht organisieren k\u00f6nnen. Da habe ich den ein oder anderen Tipp.<\/div>\n<\/div>\n\n\n\n<div class=\"gbp-card gbp-card--border\">\n<span class=\"gb-shape gb-shape-08d219c1\"><svg xmlns=\"http:\/\/www.w3.org\/2000\/svg\" viewBox=\"0 0 512 512\" width=\"1em\" height=\"1em\" aria-hidden=\"true\"><path d=\"M256 56c110.532 0 200 89.451 200 200 0 110.532-89.451 200-200 200-110.532 0-200-89.451-200-200 0-110.532 89.451-200 200-200m0-48C119.033 8 8 119.033 8 256s111.033 248 248 248 248-111.033 248-248S392.967 8 256 8zm0 168c-44.183 0-80 35.817-80 80s35.817 80 80 80 80-35.817 80-80-35.817-80-80-80z\" fill=\"currentColor\"><\/path><\/svg><\/span>\n\n\n\n<h3 class=\"gb-text gbp-card__title gb-text-afb49c16\"><a href=\"https:\/\/www.ramses.de\/?page_id=835\" data-type=\"link\" data-id=\"https:\/\/www.ramses.de\/?page_id=835\">Microsoft Powerpoint<\/a><\/h3>\n\n\n\n<div class=\"gb-text gbp-section__text gb-text-d9e32dec\">Als Trainer nutze ich Powerpoint jeden Tag, da h\u00e4tte ich mal den ein oder anderen Tipp.<\/div>\n<\/div>\n\n\n\n<div class=\"gbp-card gbp-card--border\">\n<span class=\"gb-shape gb-shape-f7154f39\"><svg xmlns=\"http:\/\/www.w3.org\/2000\/svg\" viewBox=\"0 0 512 512\" width=\"1em\" height=\"1em\" aria-hidden=\"true\"><path d=\"M256 56c110.532 0 200 89.451 200 200 0 110.532-89.451 200-200 200-110.532 0-200-89.451-200-200 0-110.532 89.451-200 200-200m0-48C119.033 8 8 119.033 8 256s111.033 248 248 248 248-111.033 248-248S392.967 8 256 8zm0 168c-44.183 0-80 35.817-80 80s35.817 80 80 80 80-35.817 80-80-35.817-80-80-80z\" fill=\"currentColor\"><\/path><\/svg><\/span>\n\n\n\n<h3 class=\"gb-text gbp-card__title gb-text-5ae227fe\"><a href=\"https:\/\/www.ramses.de\/?page_id=863\" data-type=\"link\" data-id=\"https:\/\/www.ramses.de\/?page_id=863\">Microsoft Project<\/a><\/h3>\n\n\n\n<div class=\"gb-text gbp-section__text gb-text-5e24b561\">Projektmanagement mit Project ist tats\u00e4chlich eines der Programme, die ich am liebsten schule, da gibt es viel zu erz\u00e4hlen.<\/div>\n<\/div>\n\n\n\n<div class=\"gbp-card gbp-card--border\">\n<span class=\"gb-shape gb-shape-00fedb4e\"><svg xmlns=\"http:\/\/www.w3.org\/2000\/svg\" viewBox=\"0 0 512 512\" width=\"1em\" height=\"1em\" aria-hidden=\"true\"><path d=\"M256 56c110.532 0 200 89.451 200 200 0 110.532-89.451 200-200 200-110.532 0-200-89.451-200-200 0-110.532 89.451-200 200-200m0-48C119.033 8 8 119.033 8 256s111.033 248 248 248 248-111.033 248-248S392.967 8 256 8zm0 168c-44.183 0-80 35.817-80 80s35.817 80 80 80 80-35.817 80-80-35.817-80-80-80z\" fill=\"currentColor\"><\/path><\/svg><\/span>\n\n\n\n<h3 class=\"gb-text gbp-card__title gb-text-a48cfef7\"><a href=\"https:\/\/www.ramses.de\/?page_id=6482\" data-type=\"page\" data-id=\"6482\">Microsoft Sharepoint<\/a><\/h3>\n\n\n\n<div class=\"gb-text gbp-section__text gb-text-336a3a6d\">Mit der Einf\u00fchrung von Microsoft 365 wird das Thema Sharepoint immer wichtiger, da h\u00e4tte ich auch den ein oder anderen Tipp.<\/div>\n<\/div>\n\n\n\n<div class=\"gbp-card gbp-card--border\">\n<span class=\"gb-shape gb-shape-ddf65f38\"><svg xmlns=\"http:\/\/www.w3.org\/2000\/svg\" viewBox=\"0 0 512 512\" width=\"1em\" height=\"1em\" aria-hidden=\"true\"><path d=\"M256 56c110.532 0 200 89.451 200 200 0 110.532-89.451 200-200 200-110.532 0-200-89.451-200-200 0-110.532 89.451-200 200-200m0-48C119.033 8 8 119.033 8 256s111.033 248 248 248 248-111.033 248-248S392.967 8 256 8zm0 168c-44.183 0-80 35.817-80 80s35.817 80 80 80 80-35.817 80-80-35.817-80-80-80z\" fill=\"currentColor\"><\/path><\/svg><\/span>\n\n\n\n<h3 class=\"gb-text gbp-card__title gb-text-4ec36cd1\"><a href=\"https:\/\/www.ramses.de\/?page_id=803\" data-type=\"link\" data-id=\"https:\/\/www.ramses.de\/?page_id=803\">Microsoft Word<\/a><\/h3>\n\n\n\n<div class=\"gb-text gbp-section__text gb-text-28523902\">Das Word ist der Klassiker unter den B\u00fcroprogrammen, da wird viel falsch gemacht, hier habe ich L\u00f6sungen.<\/div>\n<\/div>\n\n\n\n<div class=\"gbp-card gbp-card--border\">\n<span class=\"gb-shape gb-shape-c5387b0c\"><svg xmlns=\"http:\/\/www.w3.org\/2000\/svg\" viewBox=\"0 0 512 512\" width=\"1em\" height=\"1em\" aria-hidden=\"true\"><path d=\"M256 56c110.532 0 200 89.451 200 200 0 110.532-89.451 200-200 200-110.532 0-200-89.451-200-200 0-110.532 89.451-200 200-200m0-48C119.033 8 8 119.033 8 256s111.033 248 248 248 248-111.033 248-248S392.967 8 256 8zm0 168c-44.183 0-80 35.817-80 80s35.817 80 80 80 80-35.817 80-80-35.817-80-80-80z\" fill=\"currentColor\"><\/path><\/svg><\/span>\n\n\n\n<h3 class=\"gb-text gbp-card__title gb-text-974db56f\"><a href=\"https:\/\/www.ramses.de\/?page_id=5046\">Microsoft Visio<\/a><\/h3>\n\n\n\n<div class=\"gb-text gbp-section__text gb-text-4c0e0832\">Leider habe ich nur wenig M\u00f6glichkeiten das Visio zu schulen, was schade ist.<\/div>\n<\/div>\n<\/div>\n\n\n\n<div class=\"gbp-section__inner gb-element-f9138a83\">\n<div class=\"gb-element-e47b37b1\">\n<h3 class=\"gb-text gbp-section__headline\">Sie haben mehr Fragen?<\/h3>\n\n\n\n<div class=\"gb-text gbp-section__text\">Dann senden Sie mir eine Mail und wir schauen mal&#8230;<\/div>\n\n\n\n<a class=\"gb-text gbp-button--primary gb-text-54b3ffec\" href=\"mailto:ramftel@ramses.de\">Button<\/a>\n<\/div>\n<\/div>\n<\/div>\n","protected":false},"excerpt":{"rendered":"<p>H\u00e4ufig gestellte Fragen Zusammen mit unseren Partnern unterrichten wir t\u00e4glich Teilnehmer in EDV Kursen. Da bleibt es nicht aus, dass man eine Reihe von Fragen &#8230; <a title=\"H\u00e4ufig gestellte Fragen &#8211; FAQ&#8217;s\" class=\"read-more\" href=\"https:\/\/www.ramses.de\/?page_id=799\" aria-label=\"Mehr Informationen \u00fcber H\u00e4ufig gestellte Fragen &#8211; FAQ&#8217;s\">Weiterlesen &#8230;<\/a><\/p>\n","protected":false},"author":1,"featured_media":0,"parent":702,"menu_order":0,"comment_status":"closed","ping_status":"closed","template":"","meta":{"footnotes":""},"class_list":["post-799","page","type-page","status-publish"],"_links":{"self":[{"href":"https:\/\/www.ramses.de\/index.php?rest_route=\/wp\/v2\/pages\/799","targetHints":{"allow":["GET"]}}],"collection":[{"href":"https:\/\/www.ramses.de\/index.php?rest_route=\/wp\/v2\/pages"}],"about":[{"href":"https:\/\/www.ramses.de\/index.php?rest_route=\/wp\/v2\/types\/page"}],"author":[{"embeddable":true,"href":"https:\/\/www.ramses.de\/index.php?rest_route=\/wp\/v2\/users\/1"}],"replies":[{"embeddable":true,"href":"https:\/\/www.ramses.de\/index.php?rest_route=%2Fwp%2Fv2%2Fcomments&post=799"}],"version-history":[{"count":10,"href":"https:\/\/www.ramses.de\/index.php?rest_route=\/wp\/v2\/pages\/799\/revisions"}],"predecessor-version":[{"id":7050,"href":"https:\/\/www.ramses.de\/index.php?rest_route=\/wp\/v2\/pages\/799\/revisions\/7050"}],"up":[{"embeddable":true,"href":"https:\/\/www.ramses.de\/index.php?rest_route=\/wp\/v2\/pages\/702"}],"wp:attachment":[{"href":"https:\/\/www.ramses.de\/index.php?rest_route=%2Fwp%2Fv2%2Fmedia&parent=799"}],"curies":[{"name":"wp","href":"https:\/\/api.w.org\/{rel}","templated":true}]}}