{"id":860,"date":"2013-08-01T06:55:49","date_gmt":"2013-08-01T04:55:49","guid":{"rendered":"http:\/\/www.ramses.de\/?page_id=860"},"modified":"2025-04-17T06:34:10","modified_gmt":"2025-04-17T04:34:10","slug":"faq-outlook","status":"publish","type":"page","link":"https:\/\/www.ramses.de\/?page_id=860","title":{"rendered":"FAQ &#8211; Outlook"},"content":{"rendered":"<p>Alles zum Thema Mailing, Termine und Co.<\/p>\n<h3>Allgemeine Fragen<\/h3>\n<ul>\n<li><a title=\"FAQ Outlook \u2013 Verlorene pst Datei\" href=\"https:\/\/www.ramses.de\/?p=1298\">Verlorene pst Dateien<\/a><\/li>\n<li><a title=\"FAQ Outlook \u2013 Veraltete pst Dateien\" href=\"https:\/\/www.ramses.de\/?p=1305\">Veraltete ost Dateien<\/a><\/li>\n<li><a title=\"FAQ Outlook \u2013 Wiederherstellen der Grundeinstellungen\" href=\"https:\/\/www.ramses.de\/?p=1310\">Wiederherstellen der Grundeinstellungen<\/a><\/li>\n<\/ul>\n<h3>Mail<\/h3>\n<ul>\n<li><a href=\"https:\/\/www.ramses.de\/?p=3375\">Mails werden unendlich oft gesendet<\/a><\/li>\n<li><a href=\"https:\/\/www.ramses.de\/?p=3379\">Ordner zum Speichern von E-Mails und Anh\u00e4ngen \u00e4ndern<\/a><\/li>\n<li><a href=\"https:\/\/www.ramses.de\/?p=3398\">Unerw\u00fcnschte Schriftart Times<\/a><\/li>\n<li><a href=\"https:\/\/www.ramses.de\/?p=3420\">Signatur schnell wechseln<\/a><\/li>\n<li><a href=\"https:\/\/www.ramses.de\/?p=3426\">Nachverfolgung auf Tastendruck festlegen<\/a><\/li>\n<li><a href=\"https:\/\/www.ramses.de\/?p=6323\">Antwort im gleichen Ordner speichern<\/a><\/li>\n<li><a href=\"https:\/\/www.ramses.de\/?p=6475\">Alle Einladung an ein Gruppenpostfach in Ordner verschieben<\/a><\/li>\n<li><a href=\"https:\/\/www.ramses.de\/?p=6475\">Signatur mit Bild versehen<\/a><\/li>\n<li><a href=\"https:\/\/www.ramses.de\/?p=6539\">Mailvorlage<\/a><\/li>\n<li><a href=\"https:\/\/www.ramses.de\/?p=6581\">An OneNote senden<\/a><\/li>\n<\/ul>\n<h3>Anlagen<\/h3>\n<ul>\n<li><a title=\"FAQ Outlook \u2013 Anhang als winmail.dat\" href=\"https:\/\/www.ramses.de\/?p=1312\">Anhang als winmail.dat<\/a><\/li>\n<li><a title=\"FAQ Outlook \u2013 In Outlook gesperrte Level1-Dateien\" href=\"https:\/\/www.ramses.de\/?p=1314\">In Outlook gesperrte Level-Dateien<\/a><\/li>\n<li><a title=\"FAQ Outlook \u2013 In Outlook gesperrte Level1-Dateien\" href=\"https:\/\/www.ramses.de\/?p=1316\">Sicherheitsstufe1-Dateien in Outlook nach SR2 wieder anzeigen<\/a><\/li>\n<li><a href=\"https:\/\/www.ramses.de\/?p=3372\">Verzeichnis f\u00fcr tempor\u00e4r ge\u00f6ffnete Anh\u00e4nge<\/a><\/li>\n<li><a href=\"https:\/\/www.ramses.de\/?p=4539\">Anlagenvorschau deaktivieren<\/a><\/li>\n<\/ul>\n<h3>Kontakte<\/h3>\n<ul>\n<li><a title=\"FAQ Outlook \u2013 Sichere Absender automatisch hinzuf\u00fcgen\" href=\"https:\/\/www.ramses.de\/?p=1320\">Sichere Absender automatisch hinzuf\u00fcgen<\/a><\/li>\n<li><a title=\"FAQ Outlook \u2013 Berechnung des Alters in dem Kontaktefenster\" href=\"https:\/\/www.ramses.de\/?p=1322\">Berechnung des Alters in dem Kontaktefenster<\/a><\/li>\n<li><a href=\"https:\/\/www.ramses.de\/?p=3383\">Alle Kontakte einer Firma kategorisieren<\/a><\/li>\n<li><a href=\"https:\/\/www.ramses.de\/?p=3386\">Kontakte auf Tastendruck suchen<\/a><\/li>\n<li><a href=\"https:\/\/www.ramses.de\/?p=3448\">Verkn\u00fcpfungen der Aktivit\u00e4ten f\u00fcr Kontakte fehlen in Outlook 2007<\/a><\/li>\n<li><a href=\"https:\/\/www.ramses.de\/?p=3456\">Detailinformationen zu Kontakten abrufen<\/a><\/li>\n<li><a href=\"https:\/\/www.ramses.de\/?p=3432\">E-Mails an bestimmte Kontakte immer im Textformat<\/a><\/li>\n<li><a href=\"https:\/\/www.ramses.de\/?p=3361\">Fehlende Verkn\u00fcpfungen zu Outlook Kontakten<\/a><\/li>\n<li><a href=\"https:\/\/www.ramses.de\/?p=6505\">Kontakte als Favorit bestimmen \/ Entfernen<\/a><\/li>\n<\/ul>\n<h3>Termine<\/h3>\n<ul>\n<li><a href=\"https:\/\/www.ramses.de\/?p=3409\">Spezielles Datum anspringen<\/a><\/li>\n<li><a href=\"https:\/\/www.ramses.de\/?p=3411\">Geburtstage pl\u00f6tzlich um einen Tag verschoben<\/a><\/li>\n<li><a href=\"https:\/\/www.ramses.de\/?p=3429\">Schneller Datumswechsel im Kalender<\/a><\/li>\n<li><a href=\"https:\/\/www.ramses.de\/?p=3452\">Wochenende als vollwertige Tage in der Monatsansicht<\/a><\/li>\n<li><a href=\"https:\/\/www.ramses.de\/?p=3440\">Schulferien in den Kalender eintragen<\/a><\/li>\n<li><a href=\"https:\/\/www.ramses.de\/?p=3435\">Kontaktinformationen in Terminen speichern<\/a><\/li>\n<li><a href=\"https:\/\/www.ramses.de\/?p=4280\">Abgesagte Termine im Kalender beibehalten<\/a><\/li>\n<li><a href=\"https:\/\/www.ramses.de\/?p=6319\">Besprechungsanfragen aus dem Posteingang l\u00f6schen<\/a><\/li>\n<li><a href=\"https:\/\/www.ramses.de\/?p=6570\">Teamkalender des Vorgesetzten anzeigen<\/a><\/li>\n<\/ul>\n<h3>Sonstiges<\/h3>\n<ul>\n<li><a title=\"FAQ Outlook \u2013 Outlook Daten in Access nutzen\" href=\"https:\/\/www.ramses.de\/?p=1318\">Outlook Daten in Access nutzen<\/a><\/li>\n<li><a href=\"https:\/\/www.ramses.de\/?p=3389\">Button &#8218;Ordnergr\u00f6\u00dfe&#8216; an\/-ausschalten (Outlook 2002\/XP)<\/a><\/li>\n<li><a href=\"https:\/\/www.ramses.de\/?p=3392\">Platz schaffen auf Tastendruck<\/a><\/li>\n<li><a href=\"https:\/\/www.ramses.de\/?p=3395\">Symbolleiste ist verschwunden<\/a><\/li>\n<li><a href=\"https:\/\/www.ramses.de\/?p=3416\">Mails schreiben, ohne Outlook zu \u00f6ffnen<\/a><\/li>\n<li><a href=\"https:\/\/www.ramses.de\/?p=3431\">Outlook-Module auf Tastendruck anw\u00e4hlen<\/a><\/li>\n<li><a href=\"https:\/\/www.ramses.de\/?p=3442\">Outlook Elemente verkn\u00fcpfen<\/a><\/li>\n<li><a href=\"https:\/\/www.ramses.de\/?p=3454\">Ordnerwechsel leicht gemacht<\/a><\/li>\n<li><a href=\"https:\/\/www.ramses.de\/?p=3367\">Fehlendes Journal in Outlook 2013<\/a><\/li>\n<\/ul>\n<p>&nbsp;<\/p>\n","protected":false},"excerpt":{"rendered":"<p>Alles zum Thema Mailing, Termine und Co. Allgemeine Fragen Verlorene pst Dateien Veraltete ost Dateien Wiederherstellen der Grundeinstellungen Mail Mails werden unendlich oft gesendet Ordner &#8230; <a title=\"FAQ &#8211; Outlook\" class=\"read-more\" href=\"https:\/\/www.ramses.de\/?page_id=860\" aria-label=\"Mehr Informationen \u00fcber FAQ &#8211; Outlook\">Weiterlesen &#8230;<\/a><\/p>\n","protected":false},"author":1,"featured_media":0,"parent":799,"menu_order":0,"comment_status":"closed","ping_status":"closed","template":"template-full-width.php","meta":{"footnotes":""},"class_list":["post-860","page","type-page","status-publish"],"_links":{"self":[{"href":"https:\/\/www.ramses.de\/index.php?rest_route=\/wp\/v2\/pages\/860","targetHints":{"allow":["GET"]}}],"collection":[{"href":"https:\/\/www.ramses.de\/index.php?rest_route=\/wp\/v2\/pages"}],"about":[{"href":"https:\/\/www.ramses.de\/index.php?rest_route=\/wp\/v2\/types\/page"}],"author":[{"embeddable":true,"href":"https:\/\/www.ramses.de\/index.php?rest_route=\/wp\/v2\/users\/1"}],"replies":[{"embeddable":true,"href":"https:\/\/www.ramses.de\/index.php?rest_route=%2Fwp%2Fv2%2Fcomments&post=860"}],"version-history":[{"count":39,"href":"https:\/\/www.ramses.de\/index.php?rest_route=\/wp\/v2\/pages\/860\/revisions"}],"predecessor-version":[{"id":6587,"href":"https:\/\/www.ramses.de\/index.php?rest_route=\/wp\/v2\/pages\/860\/revisions\/6587"}],"up":[{"embeddable":true,"href":"https:\/\/www.ramses.de\/index.php?rest_route=\/wp\/v2\/pages\/799"}],"wp:attachment":[{"href":"https:\/\/www.ramses.de\/index.php?rest_route=%2Fwp%2Fv2%2Fmedia&parent=860"}],"curies":[{"name":"wp","href":"https:\/\/api.w.org\/{rel}","templated":true}]}}