{"id":863,"date":"2013-08-01T06:57:21","date_gmt":"2013-08-01T04:57:21","guid":{"rendered":"http:\/\/www.ramses.de\/?page_id=863"},"modified":"2025-02-26T16:25:38","modified_gmt":"2025-02-26T14:25:38","slug":"faq-project","status":"publish","type":"page","link":"https:\/\/www.ramses.de\/?page_id=863","title":{"rendered":"FAQ &#8211; Project"},"content":{"rendered":"<h1>H\u00e4ufig gestellte Fragen<\/h1>\n<p>Diese h\u00e4ufig gestellten Fragen wurden mir im Unterricht oder beim Kunden vor Ort gestellt. Nat\u00fcrlich ersetzen diese FAQs keine Schulung und sind auch nicht dazu gedacht das gesamte Project. abzudecken. Es kann und soll aber ein Anlaufpunkt sein, um Fragen zu beantworten.<\/p>\n<h3>Die Kategorien<\/h3>\n<ul>\n<li><a title=\"FAQ \u2013 Project \u2013 Allgemeine Frageb\" href=\"https:\/\/www.ramses.de\/?page_id=987\">Allgemeine Fragen<\/a><\/li>\n<li><a title=\"FAQ \u2013 Project \u2013 Zeitplanung\" href=\"https:\/\/www.ramses.de\/?page_id=1811\">Zeitplanung<\/a><\/li>\n<li><a title=\"FAQ \u2013 Project \u2013 Strukturplanung\" href=\"https:\/\/www.ramses.de\/?page_id=1815\">Strukturplanung<\/a><\/li>\n<li><a title=\"FAQ \u2013 Project \u2013 Ressourcenplanung\" href=\"https:\/\/www.ramses.de\/?page_id=1817\">Ressourcenplanung<\/a><\/li>\n<li><a title=\"FAQ \u2013 Project \u2013 Kostenplanung\" href=\"https:\/\/www.ramses.de\/?page_id=1819\">Kostenplanung<\/a><\/li>\n<li><a href=\"https:\/\/www.ramses.de\/?page_id=6393\">Multiprojekting<\/a><\/li>\n<li><a title=\"FAQ \u2013 Project \u2013 Berichtswesen\" href=\"https:\/\/www.ramses.de\/?page_id=1821\">Berichtswesen<\/a><\/li>\n<li><a href=\"https:\/\/www.ramses.de\/?page_id=6414\">Die 10 Gebote des Project<\/a><\/li>\n<li>Projekt\u00fcberwachung<\/li>\n<\/ul>\n","protected":false},"excerpt":{"rendered":"<p>H\u00e4ufig gestellte Fragen Diese h\u00e4ufig gestellten Fragen wurden mir im Unterricht oder beim Kunden vor Ort gestellt. Nat\u00fcrlich ersetzen diese FAQs keine Schulung und sind &#8230; <a title=\"FAQ &#8211; Project\" class=\"read-more\" href=\"https:\/\/www.ramses.de\/?page_id=863\" aria-label=\"Mehr Informationen \u00fcber FAQ &#8211; Project\">Weiterlesen &#8230;<\/a><\/p>\n","protected":false},"author":1,"featured_media":0,"parent":799,"menu_order":0,"comment_status":"closed","ping_status":"closed","template":"template-full-width.php","meta":{"footnotes":""},"class_list":["post-863","page","type-page","status-publish"],"_links":{"self":[{"href":"https:\/\/www.ramses.de\/index.php?rest_route=\/wp\/v2\/pages\/863","targetHints":{"allow":["GET"]}}],"collection":[{"href":"https:\/\/www.ramses.de\/index.php?rest_route=\/wp\/v2\/pages"}],"about":[{"href":"https:\/\/www.ramses.de\/index.php?rest_route=\/wp\/v2\/types\/page"}],"author":[{"embeddable":true,"href":"https:\/\/www.ramses.de\/index.php?rest_route=\/wp\/v2\/users\/1"}],"replies":[{"embeddable":true,"href":"https:\/\/www.ramses.de\/index.php?rest_route=%2Fwp%2Fv2%2Fcomments&post=863"}],"version-history":[{"count":12,"href":"https:\/\/www.ramses.de\/index.php?rest_route=\/wp\/v2\/pages\/863\/revisions"}],"predecessor-version":[{"id":6461,"href":"https:\/\/www.ramses.de\/index.php?rest_route=\/wp\/v2\/pages\/863\/revisions\/6461"}],"up":[{"embeddable":true,"href":"https:\/\/www.ramses.de\/index.php?rest_route=\/wp\/v2\/pages\/799"}],"wp:attachment":[{"href":"https:\/\/www.ramses.de\/index.php?rest_route=%2Fwp%2Fv2%2Fmedia&parent=863"}],"curies":[{"name":"wp","href":"https:\/\/api.w.org\/{rel}","templated":true}]}}