{"id":950,"date":"2013-08-09T13:10:27","date_gmt":"2013-08-09T11:10:27","guid":{"rendered":"http:\/\/www.ramses.de\/?page_id=950"},"modified":"2013-08-23T10:28:28","modified_gmt":"2013-08-23T08:28:28","slug":"referenzen-brainlab-ag","status":"publish","type":"page","link":"https:\/\/www.ramses.de\/?page_id=950","title":{"rendered":"Referenzen &#8211; MVS Banusch GmbH"},"content":{"rendered":"<h1>Event Management<\/h1>\n<p>Das Unternehmen z\u00e4hlt zu den gro\u00dfen Personaldienstleistern f\u00fcr Messen, Tagungen, Kongresse und Events. Zu den Kunden z\u00e4hlen nationale und internationale Konzerne sowie mittelst\u00e4ndische Unternehmen. Das Erfahrungsspektrum umfasst Messen und Veranstaltungen f\u00fcr mehrere tausend G\u00e4ste ebenso wie die konzeptionelle Vorbereitung von Promotion, Aktionen und Verkaufsf\u00f6rderungen.<\/p>\n<p>Wir durftem die MVS GmbH in Ihre Arbeit durch unsere Datenbank unterst\u00fctzen.<\/p>\n<p>Die Projekte<\/p>\n<ul>\n<li><a title=\"MVS Banusch GmbH \u2013 Event Management\" href=\"https:\/\/www.ramses.de\/?page_id=1346\">Event Management System<\/a><\/li>\n<li>Zeiterfassung<\/li>\n<\/ul>\n<p>Weitere Informationen finden Sie im Internet <a href=\"http:\/\/www.mvs-banusch.de\">hier&#8230;..<\/a><\/p>\n<p>&nbsp;<\/p>\n","protected":false},"excerpt":{"rendered":"<p>Event Management Das Unternehmen z\u00e4hlt zu den gro\u00dfen Personaldienstleistern f\u00fcr Messen, Tagungen, Kongresse und Events. Zu den Kunden z\u00e4hlen nationale und internationale Konzerne sowie mittelst\u00e4ndische &#8230; <a title=\"Referenzen &#8211; MVS Banusch GmbH\" class=\"read-more\" href=\"https:\/\/www.ramses.de\/?page_id=950\" aria-label=\"Mehr Informationen \u00fcber Referenzen &#8211; MVS Banusch GmbH\">Weiterlesen &#8230;<\/a><\/p>\n","protected":false},"author":1,"featured_media":1343,"parent":745,"menu_order":0,"comment_status":"closed","ping_status":"closed","template":"template-full-width.php","meta":{"footnotes":""},"class_list":{"0":"post-950","1":"page","2":"type-page","3":"status-publish","4":"has-post-thumbnail","6":"resize-featured-image"},"_links":{"self":[{"href":"https:\/\/www.ramses.de\/index.php?rest_route=\/wp\/v2\/pages\/950","targetHints":{"allow":["GET"]}}],"collection":[{"href":"https:\/\/www.ramses.de\/index.php?rest_route=\/wp\/v2\/pages"}],"about":[{"href":"https:\/\/www.ramses.de\/index.php?rest_route=\/wp\/v2\/types\/page"}],"author":[{"embeddable":true,"href":"https:\/\/www.ramses.de\/index.php?rest_route=\/wp\/v2\/users\/1"}],"replies":[{"embeddable":true,"href":"https:\/\/www.ramses.de\/index.php?rest_route=%2Fwp%2Fv2%2Fcomments&post=950"}],"version-history":[{"count":6,"href":"https:\/\/www.ramses.de\/index.php?rest_route=\/wp\/v2\/pages\/950\/revisions"}],"predecessor-version":[{"id":1348,"href":"https:\/\/www.ramses.de\/index.php?rest_route=\/wp\/v2\/pages\/950\/revisions\/1348"}],"up":[{"embeddable":true,"href":"https:\/\/www.ramses.de\/index.php?rest_route=\/wp\/v2\/pages\/745"}],"wp:featuredmedia":[{"embeddable":true,"href":"https:\/\/www.ramses.de\/index.php?rest_route=\/wp\/v2\/media\/1343"}],"wp:attachment":[{"href":"https:\/\/www.ramses.de\/index.php?rest_route=%2Fwp%2Fv2%2Fmedia&parent=950"}],"curies":[{"name":"wp","href":"https:\/\/api.w.org\/{rel}","templated":true}]}}